{"id":1167,"date":"2019-04-23T11:07:47","date_gmt":"2019-04-23T09:07:47","guid":{"rendered":"http:\/\/www.loszapateros.de\/?page_id=1167"},"modified":"2019-04-23T11:07:47","modified_gmt":"2019-04-23T09:07:47","slug":"17-usa-texas-bis-mexico","status":"publish","type":"page","link":"https:\/\/www.loszapateros.de\/?page_id=1167","title":{"rendered":"17 USA &#8211; Texas bis Mexico"},"content":{"rendered":"<p>Transamerika-Reise\u00a0 <img loading=\"lazy\" decoding=\"async\" width=\"9\" height=\"9\" class=\"wp-image-1168\" src=\"http:\/\/www.loszapateros.de\/wp-content\/uploads\/2019\/04\/arrow-32.png\" alt=\"arrow\" \/> \u00a0USA\u00a0 <img loading=\"lazy\" decoding=\"async\" width=\"9\" height=\"9\" class=\"wp-image-1169\" src=\"http:\/\/www.loszapateros.de\/wp-content\/uploads\/2019\/04\/arrow-33.png\" alt=\"arrow\" \/> \u00a0USA &#8211; Texas bis Mexico<\/p>\n<table>\n<tbody>\n<tr>\n<td>\n<table>\n<tbody>\n<tr>\n<td>USA &#8211; Texas bis Mexico<\/td>\n<\/tr>\n<\/tbody>\n<\/table>\n<table>\n<tbody>\n<tr>\n<td>Geschrieben von Administrator<\/td>\n<\/tr>\n<tr>\n<td>14. J\u00e4nner 2012 um 22:08<\/td>\n<\/tr>\n<tr>\n<td>\nReisebericht 17<\/p>\n<p><strong>Donnerstag, 05.01.2012<\/strong><\/p>\n<p>Wir lassen Dallas hinter uns und machen uns gegen Mittag auf den Weg in Richtung Westen. In Texas durchfahren wir unendliche Weiten. In dem kleinen St\u00e4dtchen Ranger f\u00fcllen wir an einer Feuerwehrstation unsere Wasservorr\u00e4te auf. Die Suche nach einem \u00dcbernachtungsplatz gestaltet sich jedoch relativ schwierig, da jeder Quatdratmeter penibel eingez\u00e4unt ist.<\/p>\n<p>Hier wird eine Menge \u00d6l aus dem Boden gepumpt. An einer der vielen \u00d6lfarmen steht ein Haus. Wir fahren hin und fragen den Besitzer &#8211; ein ziemlich zugekiffter Herr gehobenen Alters &#8211; ob es okay w\u00e4re, wenn wir die Nacht auf seinem Grundst\u00fcck verbringen w\u00fcrden. Er hat nichts dagegen, also bleiben wir<br \/>\n<img loading=\"lazy\" decoding=\"async\" width=\"480\" height=\"321\" class=\"wp-image-1170\" src=\"http:\/\/www.loszapateros.de\/wp-content\/uploads\/2019\/04\/image-748.jpeg\" alt=\"Image\" srcset=\"https:\/\/www.loszapateros.de\/wp-content\/uploads\/2019\/04\/image-748.jpeg 480w, https:\/\/www.loszapateros.de\/wp-content\/uploads\/2019\/04\/image-748-300x201.jpeg 300w\" sizes=\"auto, (max-width: 480px) 100vw, 480px\" \/> DSC_0003<\/p>\n<p><strong>Freitag, 06.01.2012<\/strong><\/p>\n<p>Nach einem schnellen Fr\u00fchst\u00fcck fahren wir weiter. Wir sind immer noch irgendwo in der texanischen Pampa. Hier stehen jede Menge verlassene und zerfallene H\u00e4user &#8211; direkt unheimlich<br \/>\n<img loading=\"lazy\" decoding=\"async\" width=\"480\" height=\"321\" class=\"wp-image-1171\" src=\"http:\/\/www.loszapateros.de\/wp-content\/uploads\/2019\/04\/image-749.jpeg\" alt=\"Image\" srcset=\"https:\/\/www.loszapateros.de\/wp-content\/uploads\/2019\/04\/image-749.jpeg 480w, https:\/\/www.loszapateros.de\/wp-content\/uploads\/2019\/04\/image-749-300x201.jpeg 300w\" sizes=\"auto, (max-width: 480px) 100vw, 480px\" \/> DSC_0004<\/p>\n<p>Dann sind wir wieder auf dem Highway. Am Mittag fahren wir in einen kleinen Feldweg um unser Mittagessen zuzubereiten. Es ist sehr windig, wir m\u00fcssen unsere Kochstelle optimieren<br \/>\n<img loading=\"lazy\" decoding=\"async\" width=\"480\" height=\"321\" class=\"wp-image-1172\" src=\"http:\/\/www.loszapateros.de\/wp-content\/uploads\/2019\/04\/image-750.jpeg\" alt=\"Image\" srcset=\"https:\/\/www.loszapateros.de\/wp-content\/uploads\/2019\/04\/image-750.jpeg 480w, https:\/\/www.loszapateros.de\/wp-content\/uploads\/2019\/04\/image-750-300x201.jpeg 300w\" sizes=\"auto, (max-width: 480px) 100vw, 480px\" \/> DSC_0007<\/p>\n<p>Danach geht&#8217;s weiter. Weiter vorbei an \u00d6lfeldern&#8230;<br \/>\n<img loading=\"lazy\" decoding=\"async\" width=\"480\" height=\"321\" class=\"wp-image-1173\" src=\"http:\/\/www.loszapateros.de\/wp-content\/uploads\/2019\/04\/image-751.jpeg\" alt=\"Image\" srcset=\"https:\/\/www.loszapateros.de\/wp-content\/uploads\/2019\/04\/image-751.jpeg 480w, https:\/\/www.loszapateros.de\/wp-content\/uploads\/2019\/04\/image-751-300x201.jpeg 300w\" sizes=\"auto, (max-width: 480px) 100vw, 480px\" \/> DSC_0016<\/p>\n<p>&#8230;und noch mehr verlassenen und zerfallenen H\u00e4usern<br \/>\n<img loading=\"lazy\" decoding=\"async\" width=\"480\" height=\"321\" class=\"wp-image-1174\" src=\"http:\/\/www.loszapateros.de\/wp-content\/uploads\/2019\/04\/image-752.jpeg\" alt=\"Image\" srcset=\"https:\/\/www.loszapateros.de\/wp-content\/uploads\/2019\/04\/image-752.jpeg 480w, https:\/\/www.loszapateros.de\/wp-content\/uploads\/2019\/04\/image-752-300x201.jpeg 300w\" sizes=\"auto, (max-width: 480px) 100vw, 480px\" \/> DSC_0028<\/p>\n<p>Am Abend dann erreichen wir Van Horn. Auf einem Campingplatz treffen wir wieder mal Reisende aus Deutschland<br \/>\n<img loading=\"lazy\" decoding=\"async\" width=\"480\" height=\"321\" class=\"wp-image-1175\" src=\"http:\/\/www.loszapateros.de\/wp-content\/uploads\/2019\/04\/image-753.jpeg\" alt=\"Image\" srcset=\"https:\/\/www.loszapateros.de\/wp-content\/uploads\/2019\/04\/image-753.jpeg 480w, https:\/\/www.loszapateros.de\/wp-content\/uploads\/2019\/04\/image-753-300x201.jpeg 300w\" sizes=\"auto, (max-width: 480px) 100vw, 480px\" \/> DSC_0042<\/p>\n<p>Mit 33$ liegt der Platz weit \u00fcber unserem Budget, wir fahren raus aus dem Ort und \u00fcbernachten abgelegen zwischen ein paar kleineren B\u00fcschen<br \/>\n<img loading=\"lazy\" decoding=\"async\" width=\"480\" height=\"321\" class=\"wp-image-1176\" src=\"http:\/\/www.loszapateros.de\/wp-content\/uploads\/2019\/04\/image-754.jpeg\" alt=\"Image\" srcset=\"https:\/\/www.loszapateros.de\/wp-content\/uploads\/2019\/04\/image-754.jpeg 480w, https:\/\/www.loszapateros.de\/wp-content\/uploads\/2019\/04\/image-754-300x201.jpeg 300w\" sizes=\"auto, (max-width: 480px) 100vw, 480px\" \/> DSC_0052<\/p>\n<p>Die Nacht ist sternenklar<br \/>\n<img loading=\"lazy\" decoding=\"async\" width=\"480\" height=\"718\" class=\"wp-image-1177\" src=\"http:\/\/www.loszapateros.de\/wp-content\/uploads\/2019\/04\/image-755.jpeg\" alt=\"Image\" srcset=\"https:\/\/www.loszapateros.de\/wp-content\/uploads\/2019\/04\/image-755.jpeg 480w, https:\/\/www.loszapateros.de\/wp-content\/uploads\/2019\/04\/image-755-201x300.jpeg 201w\" sizes=\"auto, (max-width: 480px) 100vw, 480px\" \/> DSC_0093<\/p>\n<p><strong>Samstag, 07.01.2012<\/strong><\/p>\n<p>Wir sind mittlerweile ganz nah an der mexikanischen Grenze. Wir fahren vom Highway ab, denn von hier aus kann man den Grenzzaun gut sehen<br \/>\n<img loading=\"lazy\" decoding=\"async\" width=\"480\" height=\"321\" class=\"wp-image-1178\" src=\"http:\/\/www.loszapateros.de\/wp-content\/uploads\/2019\/04\/image-756.jpeg\" alt=\"Image\" srcset=\"https:\/\/www.loszapateros.de\/wp-content\/uploads\/2019\/04\/image-756.jpeg 480w, https:\/\/www.loszapateros.de\/wp-content\/uploads\/2019\/04\/image-756-300x201.jpeg 300w\" sizes=\"auto, (max-width: 480px) 100vw, 480px\" \/> DSC_0113<\/p>\n<p>Kurze Zeit sp\u00e4ter erreichen wir El Paso. Obwohl uns nur noch der Grenzzaun von Mexico trennt &#8211; auf der anderen Seite liegt die verrufene Ciudad de Juar\u00e9z &#8211; f\u00fchlen wir uns nicht unwohl. Im Gegenteil, fast wie zuhause \ud83d\ude42<br \/>\n<img loading=\"lazy\" decoding=\"async\" width=\"480\" height=\"321\" class=\"wp-image-1179\" src=\"http:\/\/www.loszapateros.de\/wp-content\/uploads\/2019\/04\/image-757.jpeg\" alt=\"Image\" srcset=\"https:\/\/www.loszapateros.de\/wp-content\/uploads\/2019\/04\/image-757.jpeg 480w, https:\/\/www.loszapateros.de\/wp-content\/uploads\/2019\/04\/image-757-300x201.jpeg 300w\" sizes=\"auto, (max-width: 480px) 100vw, 480px\" \/> DSC_0139<\/p>\n<p>So gef\u00e4hrlich sieht Juar\u00e9z auch gar nicht aus (zumindest von Amerika aus)<br \/>\n<img loading=\"lazy\" decoding=\"async\" width=\"480\" height=\"321\" class=\"wp-image-1180\" src=\"http:\/\/www.loszapateros.de\/wp-content\/uploads\/2019\/04\/image-758.jpeg\" alt=\"Image\" srcset=\"https:\/\/www.loszapateros.de\/wp-content\/uploads\/2019\/04\/image-758.jpeg 480w, https:\/\/www.loszapateros.de\/wp-content\/uploads\/2019\/04\/image-758-300x201.jpeg 300w\" sizes=\"auto, (max-width: 480px) 100vw, 480px\" \/> DSC_0157<\/p>\n<p>Wir bleiben trotzdem vorerst in den Staaten. Inzwischen sind wir in New Mexico<\/p>\n<p>\u00dcberall entlang der Grenze gibt es Kontrollstationen.<br \/>\n<img loading=\"lazy\" decoding=\"async\" width=\"480\" height=\"321\" class=\"wp-image-1181\" src=\"http:\/\/www.loszapateros.de\/wp-content\/uploads\/2019\/04\/image-759.jpeg\" alt=\"Image\" srcset=\"https:\/\/www.loszapateros.de\/wp-content\/uploads\/2019\/04\/image-759.jpeg 480w, https:\/\/www.loszapateros.de\/wp-content\/uploads\/2019\/04\/image-759-300x201.jpeg 300w\" sizes=\"auto, (max-width: 480px) 100vw, 480px\" \/> DSC_0170<br \/>\n<img loading=\"lazy\" decoding=\"async\" width=\"480\" height=\"321\" class=\"wp-image-1182\" src=\"http:\/\/www.loszapateros.de\/wp-content\/uploads\/2019\/04\/image-760.jpeg\" alt=\"Image\" srcset=\"https:\/\/www.loszapateros.de\/wp-content\/uploads\/2019\/04\/image-760.jpeg 480w, https:\/\/www.loszapateros.de\/wp-content\/uploads\/2019\/04\/image-760-300x201.jpeg 300w\" sizes=\"auto, (max-width: 480px) 100vw, 480px\" \/> DSC_0173<\/p>\n<p>Wir suchen uns ein ruhiges Pl\u00e4tzchen zum Mittagessen. Der Parkplatz eines abgebrannten Restaurants erscheint uns gut genug<br \/>\n<img loading=\"lazy\" decoding=\"async\" width=\"480\" height=\"321\" class=\"wp-image-1183\" src=\"http:\/\/www.loszapateros.de\/wp-content\/uploads\/2019\/04\/image-761.jpeg\" alt=\"Image\" srcset=\"https:\/\/www.loszapateros.de\/wp-content\/uploads\/2019\/04\/image-761.jpeg 480w, https:\/\/www.loszapateros.de\/wp-content\/uploads\/2019\/04\/image-761-300x201.jpeg 300w\" sizes=\"auto, (max-width: 480px) 100vw, 480px\" \/> DSC_0176<br \/>\n<img loading=\"lazy\" decoding=\"async\" width=\"480\" height=\"321\" class=\"wp-image-1184\" src=\"http:\/\/www.loszapateros.de\/wp-content\/uploads\/2019\/04\/image-762.jpeg\" alt=\"Image\" srcset=\"https:\/\/www.loszapateros.de\/wp-content\/uploads\/2019\/04\/image-762.jpeg 480w, https:\/\/www.loszapateros.de\/wp-content\/uploads\/2019\/04\/image-762-300x201.jpeg 300w\" sizes=\"auto, (max-width: 480px) 100vw, 480px\" \/> DSC_0181<\/p>\n<p>Dann erreichen wir Arizona. Auch die Landschaft ver\u00e4ndert sich wieder<br \/>\n<img loading=\"lazy\" decoding=\"async\" width=\"480\" height=\"321\" class=\"wp-image-1185\" src=\"http:\/\/www.loszapateros.de\/wp-content\/uploads\/2019\/04\/image-763.jpeg\" alt=\"Image\" srcset=\"https:\/\/www.loszapateros.de\/wp-content\/uploads\/2019\/04\/image-763.jpeg 480w, https:\/\/www.loszapateros.de\/wp-content\/uploads\/2019\/04\/image-763-300x201.jpeg 300w\" sizes=\"auto, (max-width: 480px) 100vw, 480px\" \/> DSC_0190<\/p>\n<p>Unser Ziel heute ist Tucson. Dort finden wir einen netten Campingplatz f\u00fcr 10$.<br \/>\n<img loading=\"lazy\" decoding=\"async\" width=\"480\" height=\"321\" class=\"wp-image-1186\" src=\"http:\/\/www.loszapateros.de\/wp-content\/uploads\/2019\/04\/image-764.jpeg\" alt=\"Image\" srcset=\"https:\/\/www.loszapateros.de\/wp-content\/uploads\/2019\/04\/image-764.jpeg 480w, https:\/\/www.loszapateros.de\/wp-content\/uploads\/2019\/04\/image-764-300x201.jpeg 300w\" sizes=\"auto, (max-width: 480px) 100vw, 480px\" \/> DSC_0207<\/p>\n<p>Hier k\u00f6nnen wir auch mal wieder in Ruhe duschen&#8230;<br \/>\n<img loading=\"lazy\" decoding=\"async\" width=\"480\" height=\"718\" class=\"wp-image-1187\" src=\"http:\/\/www.loszapateros.de\/wp-content\/uploads\/2019\/04\/image-765.jpeg\" alt=\"Image\" srcset=\"https:\/\/www.loszapateros.de\/wp-content\/uploads\/2019\/04\/image-765.jpeg 480w, https:\/\/www.loszapateros.de\/wp-content\/uploads\/2019\/04\/image-765-201x300.jpeg 201w\" sizes=\"auto, (max-width: 480px) 100vw, 480px\" \/> DSC_0195<\/p>\n<p>&#8230;und den Abend genie\u00dfen<br \/>\n<img loading=\"lazy\" decoding=\"async\" width=\"480\" height=\"718\" class=\"wp-image-1188\" src=\"http:\/\/www.loszapateros.de\/wp-content\/uploads\/2019\/04\/image-766.jpeg\" alt=\"Image\" srcset=\"https:\/\/www.loszapateros.de\/wp-content\/uploads\/2019\/04\/image-766.jpeg 480w, https:\/\/www.loszapateros.de\/wp-content\/uploads\/2019\/04\/image-766-201x300.jpeg 201w\" sizes=\"auto, (max-width: 480px) 100vw, 480px\" \/> DSC_0210<\/p>\n<p><strong>Sonntag, 08.01.2012<\/strong><\/p>\n<p>Zum Sonnenaufgang (jaaaa, mittlerweile gehen wir t\u00e4glich mit der Sonne ins Bett und stehen mit ihr wieder auf) fahren wir weiter Richtung San Diego. Vom Campingplatz aus fahren wir durch einen regelrechten Kakteenwald. Die stacheligen Gew\u00e4chse sind so hoch wie B\u00e4ume<br \/>\n<img loading=\"lazy\" decoding=\"async\" width=\"480\" height=\"718\" class=\"wp-image-1189\" src=\"http:\/\/www.loszapateros.de\/wp-content\/uploads\/2019\/04\/image-767.jpeg\" alt=\"Image\" srcset=\"https:\/\/www.loszapateros.de\/wp-content\/uploads\/2019\/04\/image-767.jpeg 480w, https:\/\/www.loszapateros.de\/wp-content\/uploads\/2019\/04\/image-767-201x300.jpeg 201w\" sizes=\"auto, (max-width: 480px) 100vw, 480px\" \/> DSC_0224<\/p>\n<p>Auf dem Highway bietet sich uns das \u00fcbliche Bild. Alle paar Kilometer stinkende Tierfarmen<br \/>\n<img loading=\"lazy\" decoding=\"async\" width=\"480\" height=\"321\" class=\"wp-image-1190\" src=\"http:\/\/www.loszapateros.de\/wp-content\/uploads\/2019\/04\/image-768.jpeg\" alt=\"Image\" srcset=\"https:\/\/www.loszapateros.de\/wp-content\/uploads\/2019\/04\/image-768.jpeg 480w, https:\/\/www.loszapateros.de\/wp-content\/uploads\/2019\/04\/image-768-300x201.jpeg 300w\" sizes=\"auto, (max-width: 480px) 100vw, 480px\" \/> DSC_0236<\/p>\n<p>Dann sind wir wieder in Californien. Pl\u00f6tzlich sind wir ringsherum von Sandd\u00fcnen umgeben. Es ist extrem windig. Um nicht paniert zu werden bleiben wir im Auto und halten nicht an<br \/>\n<img loading=\"lazy\" decoding=\"async\" width=\"480\" height=\"321\" class=\"wp-image-1191\" src=\"http:\/\/www.loszapateros.de\/wp-content\/uploads\/2019\/04\/image-769.jpeg\" alt=\"Image\" srcset=\"https:\/\/www.loszapateros.de\/wp-content\/uploads\/2019\/04\/image-769.jpeg 480w, https:\/\/www.loszapateros.de\/wp-content\/uploads\/2019\/04\/image-769-300x201.jpeg 300w\" sizes=\"auto, (max-width: 480px) 100vw, 480px\" \/> DSC_0242<\/p>\n<p>Keine Stunde sp\u00e4ter stehen wir wieder zwischen begr\u00fcnten Feldern. Der Wind hat jedoch nicht nachgelassen. Zum Mittagessen kochen muss Philip in den Bew\u00e4sserungsgraben<br \/>\n<img loading=\"lazy\" decoding=\"async\" width=\"480\" height=\"718\" class=\"wp-image-1192\" src=\"http:\/\/www.loszapateros.de\/wp-content\/uploads\/2019\/04\/image-770.jpeg\" alt=\"Image\" srcset=\"https:\/\/www.loszapateros.de\/wp-content\/uploads\/2019\/04\/image-770.jpeg 480w, https:\/\/www.loszapateros.de\/wp-content\/uploads\/2019\/04\/image-770-201x300.jpeg 201w\" sizes=\"auto, (max-width: 480px) 100vw, 480px\" \/> DSC_0250<\/p>\n<p>Wieder sind wir nah an der mexikanischen Grenze. Wieder gibt es Kontrollstationen<br \/>\n<img loading=\"lazy\" decoding=\"async\" width=\"480\" height=\"321\" class=\"wp-image-1193\" src=\"http:\/\/www.loszapateros.de\/wp-content\/uploads\/2019\/04\/image-771.jpeg\" alt=\"Image\" srcset=\"https:\/\/www.loszapateros.de\/wp-content\/uploads\/2019\/04\/image-771.jpeg 480w, https:\/\/www.loszapateros.de\/wp-content\/uploads\/2019\/04\/image-771-300x201.jpeg 300w\" sizes=\"auto, (max-width: 480px) 100vw, 480px\" \/> DSC_0253<\/p>\n<p>Am Nachmittag sind wir dann in San Diego. Die Stadt gef\u00e4llt uns sehr gut.<br \/>\n<img loading=\"lazy\" decoding=\"async\" width=\"480\" height=\"718\" class=\"wp-image-1194\" src=\"http:\/\/www.loszapateros.de\/wp-content\/uploads\/2019\/04\/image-772.jpeg\" alt=\"Image\" srcset=\"https:\/\/www.loszapateros.de\/wp-content\/uploads\/2019\/04\/image-772.jpeg 480w, https:\/\/www.loszapateros.de\/wp-content\/uploads\/2019\/04\/image-772-201x300.jpeg 201w\" sizes=\"auto, (max-width: 480px) 100vw, 480px\" \/> DSC_0260<\/p>\n<p>Wir fahren nat\u00fcrlich erstmal zum Strand<br \/>\n<img loading=\"lazy\" decoding=\"async\" width=\"480\" height=\"321\" class=\"wp-image-1195\" src=\"http:\/\/www.loszapateros.de\/wp-content\/uploads\/2019\/04\/image-773.jpeg\" alt=\"Image\" srcset=\"https:\/\/www.loszapateros.de\/wp-content\/uploads\/2019\/04\/image-773.jpeg 480w, https:\/\/www.loszapateros.de\/wp-content\/uploads\/2019\/04\/image-773-300x201.jpeg 300w\" sizes=\"auto, (max-width: 480px) 100vw, 480px\" \/> DSC_0256<\/p>\n<p>Dort gibt es ein nettes Hostel, aber eigentlich wollen wir kein Geld ausgeben. Ein Typ gibt uns einen Tip. In der Mission Bay sei ein Parkplatz, da k\u00f6nne man \u00fcbernachten. Overnight-Sleeping ist hier zwar auch nicht erlaubt, aber wir finden den Platz gut<br \/>\n<img loading=\"lazy\" decoding=\"async\" width=\"480\" height=\"321\" class=\"wp-image-1196\" src=\"http:\/\/www.loszapateros.de\/wp-content\/uploads\/2019\/04\/image-774.jpeg\" alt=\"Image\" srcset=\"https:\/\/www.loszapateros.de\/wp-content\/uploads\/2019\/04\/image-774.jpeg 480w, https:\/\/www.loszapateros.de\/wp-content\/uploads\/2019\/04\/image-774-300x201.jpeg 300w\" sizes=\"auto, (max-width: 480px) 100vw, 480px\" \/> DSC_0272<\/p>\n<p>Um nicht aufzufallen lassen wir das Dach zu und schlafen unten<br \/>\n<img loading=\"lazy\" decoding=\"async\" width=\"480\" height=\"321\" class=\"wp-image-1197\" src=\"http:\/\/www.loszapateros.de\/wp-content\/uploads\/2019\/04\/image-775.jpeg\" alt=\"Image\" srcset=\"https:\/\/www.loszapateros.de\/wp-content\/uploads\/2019\/04\/image-775.jpeg 480w, https:\/\/www.loszapateros.de\/wp-content\/uploads\/2019\/04\/image-775-300x201.jpeg 300w\" sizes=\"auto, (max-width: 480px) 100vw, 480px\" \/> DSC_0273<\/p>\n<p>Unsere letzte Nacht in den USA bricht an<br \/>\n<img loading=\"lazy\" decoding=\"async\" width=\"480\" height=\"718\" class=\"wp-image-1198\" src=\"http:\/\/www.loszapateros.de\/wp-content\/uploads\/2019\/04\/image-776.jpeg\" alt=\"Image\" srcset=\"https:\/\/www.loszapateros.de\/wp-content\/uploads\/2019\/04\/image-776.jpeg 480w, https:\/\/www.loszapateros.de\/wp-content\/uploads\/2019\/04\/image-776-201x300.jpeg 201w\" sizes=\"auto, (max-width: 480px) 100vw, 480px\" \/> DSC_0309<\/p>\n<p>Morgen geht es nach Mexico!<\/p>\n<p><strong>Montag, 09.01.2012<\/strong><\/p>\n<p>Auf geht&#8217;s zur Grenze. Tijuana ist jetzt nur noch einen Steinwurf entfernt<br \/>\n<img loading=\"lazy\" decoding=\"async\" width=\"480\" height=\"321\" class=\"wp-image-1199\" src=\"http:\/\/www.loszapateros.de\/wp-content\/uploads\/2019\/04\/image-777.jpeg\" alt=\"Image\" srcset=\"https:\/\/www.loszapateros.de\/wp-content\/uploads\/2019\/04\/image-777.jpeg 480w, https:\/\/www.loszapateros.de\/wp-content\/uploads\/2019\/04\/image-777-300x201.jpeg 300w\" sizes=\"auto, (max-width: 480px) 100vw, 480px\" \/> DSC_0312<\/p>\n<p>&#8230;<\/td>\n<\/tr>\n<tr>\n<td>Zuletzt \u00fcberarbeitet ( 21. J\u00e4nner 2012 um 22:30 )<\/td>\n<\/tr>\n<\/tbody>\n<\/table>\n<\/td>\n<\/tr>\n<\/tbody>\n<\/table>\n","protected":false},"excerpt":{"rendered":"<p>Transamerika-Reise\u00a0 \u00a0USA\u00a0 \u00a0USA &#8211; Texas bis Mexico USA &#8211; Texas bis Mexico Geschrieben von Administrator 14. J\u00e4nner 2012 um 22:08 Reisebericht 17 Donnerstag, 05.01.2012 Wir lassen Dallas hinter uns und machen uns gegen Mittag auf den Weg in Richtung Westen. In Texas durchfahren wir unendliche Weiten. In dem kleinen St\u00e4dtchen<a class=\"moretag\" href=\"https:\/\/www.loszapateros.de\/?page_id=1167\"> Weiterlesen<\/a><\/p>\n","protected":false},"author":1,"featured_media":0,"parent":0,"menu_order":0,"comment_status":"closed","ping_status":"closed","template":"","meta":{"footnotes":""},"class_list":["post-1167","page","type-page","status-publish","hentry"],"_links":{"self":[{"href":"https:\/\/www.loszapateros.de\/index.php?rest_route=\/wp\/v2\/pages\/1167","targetHints":{"allow":["GET"]}}],"collection":[{"href":"https:\/\/www.loszapateros.de\/index.php?rest_route=\/wp\/v2\/pages"}],"about":[{"href":"https:\/\/www.loszapateros.de\/index.php?rest_route=\/wp\/v2\/types\/page"}],"author":[{"embeddable":true,"href":"https:\/\/www.loszapateros.de\/index.php?rest_route=\/wp\/v2\/users\/1"}],"replies":[{"embeddable":true,"href":"https:\/\/www.loszapateros.de\/index.php?rest_route=%2Fwp%2Fv2%2Fcomments&post=1167"}],"version-history":[{"count":1,"href":"https:\/\/www.loszapateros.de\/index.php?rest_route=\/wp\/v2\/pages\/1167\/revisions"}],"predecessor-version":[{"id":1201,"href":"https:\/\/www.loszapateros.de\/index.php?rest_route=\/wp\/v2\/pages\/1167\/revisions\/1201"}],"wp:attachment":[{"href":"https:\/\/www.loszapateros.de\/index.php?rest_route=%2Fwp%2Fv2%2Fmedia&parent=1167"}],"curies":[{"name":"wp","href":"https:\/\/api.w.org\/{rel}","templated":true}]}}