{"id":1834,"date":"2019-04-23T11:26:59","date_gmt":"2019-04-23T09:26:59","guid":{"rendered":"http:\/\/www.loszapateros.de\/?page_id=1834"},"modified":"2019-04-23T11:31:31","modified_gmt":"2019-04-23T09:31:31","slug":"news","status":"publish","type":"page","link":"https:\/\/www.loszapateros.de\/?page_id=1834","title":{"rendered":"News"},"content":{"rendered":"<table>\n<tbody>\n<tr>\n<td>Short-News<\/td>\n<\/tr>\n<\/tbody>\n<\/table>\n<table>\n<tbody>\n<tr>\n<td>Geschrieben von Administrator<\/td>\n<\/tr>\n<tr>\n<td>30. August 2011 um 00:00<\/td>\n<\/tr>\n<tr>\n<td>Es gibt eine neue Homepage:<\/p>\n<p><strong>www.Weltreisewerkstatt.de<\/strong><\/p>\n<p>In der Weltreisewerkstatt werden Offroad-Reisemobile nach Ihren pers\u00f6nlichen W\u00fcnschen zu g\u00fcnstigen Preisen gebaut.<\/p>\n<table>\n<tbody>\n<tr>\n<td>Geschrieben von Administrator<\/td>\n<\/tr>\n<tr>\n<td>12. Juni 2011 um 23:44<\/td>\n<\/tr>\n<tr>\n<td>Der 4 Runner hat uns sicher in den Start unserer Ehe begleitet:<\/p>\n<p>Wir hatten einen herrlichen Tag und eine unkonventionelle aber wundersch\u00f6ne Hochzeit mit der Familie und all unseren Freunden bis die Sonne wieder aufging!<\/p>\n<p><img loading=\"lazy\" decoding=\"async\" width=\"483\" height=\"323\" class=\"wp-image-1835\" src=\"http:\/\/www.loszapateros.de\/wp-content\/uploads\/2019\/04\/word-image.png\" srcset=\"https:\/\/www.loszapateros.de\/wp-content\/uploads\/2019\/04\/word-image.png 483w, https:\/\/www.loszapateros.de\/wp-content\/uploads\/2019\/04\/word-image-300x201.png 300w\" sizes=\"auto, (max-width: 483px) 100vw, 483px\" \/><\/p>\n<p><img loading=\"lazy\" decoding=\"async\" width=\"480\" height=\"321\" class=\"wp-image-1836\" src=\"http:\/\/www.loszapateros.de\/wp-content\/uploads\/2019\/04\/word-image-1.png\" srcset=\"https:\/\/www.loszapateros.de\/wp-content\/uploads\/2019\/04\/word-image-1.png 480w, https:\/\/www.loszapateros.de\/wp-content\/uploads\/2019\/04\/word-image-1-300x201.png 300w\" sizes=\"auto, (max-width: 480px) 100vw, 480px\" \/><\/td>\n<\/tr>\n<\/tbody>\n<\/table>\n<p>Unser Auto ist im Allradler-Magazin abgedruckt worden. Es ist in der Ausgabe 4\/2011 zu finden und kann hier erworben werden:<\/p>\n<p>http:\/\/www.allradler.com\/<img loading=\"lazy\" decoding=\"async\" class=\"alignnone size-full wp-image-1839\" src=\"http:\/\/www.loszapateros.de\/wp-content\/uploads\/2019\/04\/allradler.jpg\" alt=\"\" width=\"494\" height=\"823\" srcset=\"https:\/\/www.loszapateros.de\/wp-content\/uploads\/2019\/04\/allradler.jpg 494w, https:\/\/www.loszapateros.de\/wp-content\/uploads\/2019\/04\/allradler-180x300.jpg 180w\" sizes=\"auto, (max-width: 494px) 100vw, 494px\" \/><\/p>\n<p>10.05.2011<\/p>\n<p>Seabridge hat uns die Verschiffung best\u00e4tigt. Am 7. Juli wird das Schiff Hamburg verlassen.<\/p>\n<p>Die Fl\u00fcge nach Halifax sind auch gebucht. Wir fliegen mit Condor f\u00fcr 460\u20ac \/ Person.<\/td>\n<\/tr>\n<tr>\n<td>Zuletzt \u00fcberarbeitet ( 05. September 2013 um 10:41 )<\/td>\n<\/tr>\n<\/tbody>\n<\/table>\n","protected":false},"excerpt":{"rendered":"<p>Short-News Geschrieben von Administrator 30. August 2011 um 00:00 Es gibt eine neue Homepage: www.Weltreisewerkstatt.de In der Weltreisewerkstatt werden Offroad-Reisemobile nach Ihren pers\u00f6nlichen W\u00fcnschen zu g\u00fcnstigen Preisen gebaut. Geschrieben von Administrator 12. Juni 2011 um 23:44 Der 4 Runner hat uns sicher in den Start unserer Ehe begleitet: Wir hatten<a class=\"moretag\" href=\"https:\/\/www.loszapateros.de\/?page_id=1834\"> Weiterlesen<\/a><\/p>\n","protected":false},"author":1,"featured_media":0,"parent":0,"menu_order":0,"comment_status":"closed","ping_status":"closed","template":"","meta":{"footnotes":""},"class_list":["post-1834","page","type-page","status-publish","hentry"],"_links":{"self":[{"href":"https:\/\/www.loszapateros.de\/index.php?rest_route=\/wp\/v2\/pages\/1834","targetHints":{"allow":["GET"]}}],"collection":[{"href":"https:\/\/www.loszapateros.de\/index.php?rest_route=\/wp\/v2\/pages"}],"about":[{"href":"https:\/\/www.loszapateros.de\/index.php?rest_route=\/wp\/v2\/types\/page"}],"author":[{"embeddable":true,"href":"https:\/\/www.loszapateros.de\/index.php?rest_route=\/wp\/v2\/users\/1"}],"replies":[{"embeddable":true,"href":"https:\/\/www.loszapateros.de\/index.php?rest_route=%2Fwp%2Fv2%2Fcomments&post=1834"}],"version-history":[{"count":2,"href":"https:\/\/www.loszapateros.de\/index.php?rest_route=\/wp\/v2\/pages\/1834\/revisions"}],"predecessor-version":[{"id":1841,"href":"https:\/\/www.loszapateros.de\/index.php?rest_route=\/wp\/v2\/pages\/1834\/revisions\/1841"}],"wp:attachment":[{"href":"https:\/\/www.loszapateros.de\/index.php?rest_route=%2Fwp%2Fv2%2Fmedia&parent=1834"}],"curies":[{"name":"wp","href":"https:\/\/api.w.org\/{rel}","templated":true}]}}