{"id":1873,"date":"2019-04-23T11:34:25","date_gmt":"2019-04-23T09:34:25","guid":{"rendered":"http:\/\/www.loszapateros.de\/?page_id=1873"},"modified":"2019-04-23T11:34:26","modified_gmt":"2019-04-23T09:34:26","slug":"testfahrt-in-oesterreich","status":"publish","type":"page","link":"https:\/\/www.loszapateros.de\/?page_id=1873","title":{"rendered":"Testfahrt in \u00d6sterreich"},"content":{"rendered":"<p>Transamerika-Reise\u00a0 <img loading=\"lazy\" decoding=\"async\" width=\"9\" height=\"9\" class=\"wp-image-1874\" src=\"http:\/\/www.loszapateros.de\/wp-content\/uploads\/2019\/04\/arrow-61.png\" alt=\"arrow\" \/> \u00a0Testfahrt in \u00d6sterreich<\/p>\n<table>\n<tbody>\n<tr>\n<td>Testfahrt in \u00d6sterreich<\/p>\n<table>\n<tbody>\n<tr>\n<td>\n<table>\n<tbody>\n<tr>\n<td>Testfahrt \u00d6sterreich<\/td>\n<\/tr>\n<\/tbody>\n<\/table>\n<table>\n<tbody>\n<tr>\n<td>Geschrieben von Administrator<\/td>\n<\/tr>\n<tr>\n<td>13. M\u00e4rz 2011 um 14:04<\/td>\n<\/tr>\n<tr>\n<td>Nachdem das Auto soweit schon einmal einsatzbereit ist haben wir uns kurzfristig dazu entschieden, eine kleine Testfahrt zu unternehmen.<br \/>\nWir fuhren also am 12.03.11 ganz fr\u00fch morgens los und steuerten einen Koordinatenpunkt an den wir am vorabend rausgesucht hatten. Auf dem Weg dorthin machten wir halt an einer tollen Schlucht um zu fr\u00fchst\u00fccken:<br \/>\n<img loading=\"lazy\" decoding=\"async\" width=\"480\" height=\"321\" class=\"wp-image-1875\" src=\"http:\/\/www.loszapateros.de\/wp-content\/uploads\/2019\/04\/http-www-trans-amerika-net-mambots-content-multi-2.jpeg\" alt=\"http:\/\/www.trans-amerika.net\/mambots\/content\/multithumb\/thumbs\/f1ab098ee398f3497f21cfa6f50b2eb0.JPG\" srcset=\"https:\/\/www.loszapateros.de\/wp-content\/uploads\/2019\/04\/http-www-trans-amerika-net-mambots-content-multi-2.jpeg 480w, https:\/\/www.loszapateros.de\/wp-content\/uploads\/2019\/04\/http-www-trans-amerika-net-mambots-content-multi-2-300x201.jpeg 300w\" sizes=\"auto, (max-width: 480px) 100vw, 480px\" \/><\/p>\n<p><img loading=\"lazy\" decoding=\"async\" width=\"480\" height=\"321\" class=\"wp-image-1876\" src=\"http:\/\/www.loszapateros.de\/wp-content\/uploads\/2019\/04\/image-1371.jpeg\" alt=\"Image\" srcset=\"https:\/\/www.loszapateros.de\/wp-content\/uploads\/2019\/04\/image-1371.jpeg 480w, https:\/\/www.loszapateros.de\/wp-content\/uploads\/2019\/04\/image-1371-300x201.jpeg 300w\" sizes=\"auto, (max-width: 480px) 100vw, 480px\" \/><\/p>\n<p><img loading=\"lazy\" decoding=\"async\" width=\"480\" height=\"321\" class=\"wp-image-1877\" src=\"http:\/\/www.loszapateros.de\/wp-content\/uploads\/2019\/04\/image-1372.jpeg\" alt=\"Image\" srcset=\"https:\/\/www.loszapateros.de\/wp-content\/uploads\/2019\/04\/image-1372.jpeg 480w, https:\/\/www.loszapateros.de\/wp-content\/uploads\/2019\/04\/image-1372-300x201.jpeg 300w\" sizes=\"auto, (max-width: 480px) 100vw, 480px\" \/><\/p>\n<p><img loading=\"lazy\" decoding=\"async\" width=\"480\" height=\"321\" class=\"wp-image-1878\" src=\"http:\/\/www.loszapateros.de\/wp-content\/uploads\/2019\/04\/image-1373.jpeg\" alt=\"Image\" srcset=\"https:\/\/www.loszapateros.de\/wp-content\/uploads\/2019\/04\/image-1373.jpeg 480w, https:\/\/www.loszapateros.de\/wp-content\/uploads\/2019\/04\/image-1373-300x201.jpeg 300w\" sizes=\"auto, (max-width: 480px) 100vw, 480px\" \/><\/p>\n<p>Der Blick aus dem Dachzelt beim Mittagschlaf<br \/>\n<img loading=\"lazy\" decoding=\"async\" width=\"480\" height=\"321\" class=\"wp-image-1879\" src=\"http:\/\/www.loszapateros.de\/wp-content\/uploads\/2019\/04\/image-1374.jpeg\" alt=\"Image\" srcset=\"https:\/\/www.loszapateros.de\/wp-content\/uploads\/2019\/04\/image-1374.jpeg 480w, https:\/\/www.loszapateros.de\/wp-content\/uploads\/2019\/04\/image-1374-300x201.jpeg 300w\" sizes=\"auto, (max-width: 480px) 100vw, 480px\" \/><\/p>\n<p><img loading=\"lazy\" decoding=\"async\" width=\"480\" height=\"717\" class=\"wp-image-1880\" src=\"http:\/\/www.loszapateros.de\/wp-content\/uploads\/2019\/04\/image-1375.jpeg\" alt=\"Image\" srcset=\"https:\/\/www.loszapateros.de\/wp-content\/uploads\/2019\/04\/image-1375.jpeg 480w, https:\/\/www.loszapateros.de\/wp-content\/uploads\/2019\/04\/image-1375-201x300.jpeg 201w\" sizes=\"auto, (max-width: 480px) 100vw, 480px\" \/><\/p>\n<p>Zum Mittag hin gings dann weiter. Wir mussten noch einkaufen und unseren Wegpunkt finden. Denn dort sollte unser Nachtlager aufgeschlagen werden.<br \/>\nDie Anfahrt war etwas rutschig aber unser Allradler kletterte fleissig den Berg hoch und es sollte sich lohnen:<br \/>\n<img loading=\"lazy\" decoding=\"async\" width=\"480\" height=\"321\" class=\"wp-image-1881\" src=\"http:\/\/www.loszapateros.de\/wp-content\/uploads\/2019\/04\/image-1376.jpeg\" alt=\"Image\" srcset=\"https:\/\/www.loszapateros.de\/wp-content\/uploads\/2019\/04\/image-1376.jpeg 480w, https:\/\/www.loszapateros.de\/wp-content\/uploads\/2019\/04\/image-1376-300x201.jpeg 300w\" sizes=\"auto, (max-width: 480px) 100vw, 480px\" \/><\/p>\n<p><img loading=\"lazy\" decoding=\"async\" width=\"480\" height=\"717\" class=\"wp-image-1882\" src=\"http:\/\/www.loszapateros.de\/wp-content\/uploads\/2019\/04\/image-1377.jpeg\" alt=\"Image\" srcset=\"https:\/\/www.loszapateros.de\/wp-content\/uploads\/2019\/04\/image-1377.jpeg 480w, https:\/\/www.loszapateros.de\/wp-content\/uploads\/2019\/04\/image-1377-201x300.jpeg 201w\" sizes=\"auto, (max-width: 480px) 100vw, 480px\" \/><\/p>\n<p>Der Blick aus der Frontscheibe war schon vielversprechend:<br \/>\n<img loading=\"lazy\" decoding=\"async\" width=\"480\" height=\"321\" class=\"wp-image-1883\" src=\"http:\/\/www.loszapateros.de\/wp-content\/uploads\/2019\/04\/image-1378.jpeg\" alt=\"Image\" srcset=\"https:\/\/www.loszapateros.de\/wp-content\/uploads\/2019\/04\/image-1378.jpeg 480w, https:\/\/www.loszapateros.de\/wp-content\/uploads\/2019\/04\/image-1378-300x201.jpeg 300w\" sizes=\"auto, (max-width: 480px) 100vw, 480px\" \/><\/p>\n<p>Der Platz war damit gefunden, nur mit dem Allradler zu erreichen und absolut einsam:<br \/>\n<img loading=\"lazy\" decoding=\"async\" width=\"480\" height=\"321\" class=\"wp-image-1884\" src=\"http:\/\/www.loszapateros.de\/wp-content\/uploads\/2019\/04\/image-1379.jpeg\" alt=\"Image\" srcset=\"https:\/\/www.loszapateros.de\/wp-content\/uploads\/2019\/04\/image-1379.jpeg 480w, https:\/\/www.loszapateros.de\/wp-content\/uploads\/2019\/04\/image-1379-300x201.jpeg 300w\" sizes=\"auto, (max-width: 480px) 100vw, 480px\" \/><\/p>\n<p><img loading=\"lazy\" decoding=\"async\" width=\"480\" height=\"321\" class=\"wp-image-1885\" src=\"http:\/\/www.loszapateros.de\/wp-content\/uploads\/2019\/04\/image-1380.jpeg\" alt=\"Image\" srcset=\"https:\/\/www.loszapateros.de\/wp-content\/uploads\/2019\/04\/image-1380.jpeg 480w, https:\/\/www.loszapateros.de\/wp-content\/uploads\/2019\/04\/image-1380-300x201.jpeg 300w\" sizes=\"auto, (max-width: 480px) 100vw, 480px\" \/><\/p>\n<p>Der Sonnenaufgang am n\u00e4chsten Morgen aus dem Klappdach<br \/>\n<img loading=\"lazy\" decoding=\"async\" width=\"480\" height=\"321\" class=\"wp-image-1886\" src=\"http:\/\/www.loszapateros.de\/wp-content\/uploads\/2019\/04\/image-1381.jpeg\" alt=\"Image\" srcset=\"https:\/\/www.loszapateros.de\/wp-content\/uploads\/2019\/04\/image-1381.jpeg 480w, https:\/\/www.loszapateros.de\/wp-content\/uploads\/2019\/04\/image-1381-300x201.jpeg 300w\" sizes=\"auto, (max-width: 480px) 100vw, 480px\" \/><\/p>\n<p><img loading=\"lazy\" decoding=\"async\" width=\"480\" height=\"321\" class=\"wp-image-1887\" src=\"http:\/\/www.loszapateros.de\/wp-content\/uploads\/2019\/04\/image-1382.jpeg\" alt=\"Image\" srcset=\"https:\/\/www.loszapateros.de\/wp-content\/uploads\/2019\/04\/image-1382.jpeg 480w, https:\/\/www.loszapateros.de\/wp-content\/uploads\/2019\/04\/image-1382-300x201.jpeg 300w\" sizes=\"auto, (max-width: 480px) 100vw, 480px\" \/><\/p>\n<p>Unser Stellplatz:<br \/>\n<img loading=\"lazy\" decoding=\"async\" width=\"480\" height=\"321\" class=\"wp-image-1888\" src=\"http:\/\/www.loszapateros.de\/wp-content\/uploads\/2019\/04\/image-1383.jpeg\" alt=\"Image\" srcset=\"https:\/\/www.loszapateros.de\/wp-content\/uploads\/2019\/04\/image-1383.jpeg 480w, https:\/\/www.loszapateros.de\/wp-content\/uploads\/2019\/04\/image-1383-300x201.jpeg 300w\" sizes=\"auto, (max-width: 480px) 100vw, 480px\" \/><\/p>\n<p><img loading=\"lazy\" decoding=\"async\" width=\"480\" height=\"717\" class=\"wp-image-1889\" src=\"http:\/\/www.loszapateros.de\/wp-content\/uploads\/2019\/04\/image-1384.jpeg\" alt=\"Image\" srcset=\"https:\/\/www.loszapateros.de\/wp-content\/uploads\/2019\/04\/image-1384.jpeg 480w, https:\/\/www.loszapateros.de\/wp-content\/uploads\/2019\/04\/image-1384-201x300.jpeg 201w\" sizes=\"auto, (max-width: 480px) 100vw, 480px\" \/><\/p>\n<p>Und hier befinden wir uns:<br \/>\n<img loading=\"lazy\" decoding=\"async\" width=\"480\" height=\"321\" class=\"wp-image-1890\" src=\"http:\/\/www.loszapateros.de\/wp-content\/uploads\/2019\/04\/image-1385.jpeg\" alt=\"Image\" srcset=\"https:\/\/www.loszapateros.de\/wp-content\/uploads\/2019\/04\/image-1385.jpeg 480w, https:\/\/www.loszapateros.de\/wp-content\/uploads\/2019\/04\/image-1385-300x201.jpeg 300w\" sizes=\"auto, (max-width: 480px) 100vw, 480px\" \/><\/p>\n<p>Auf dem Heimweg haben wir noch einmal Halt gemacht um ein paar sch\u00f6ne Bilder zu schiessen:<\/p>\n<p><img loading=\"lazy\" decoding=\"async\" width=\"480\" height=\"321\" class=\"wp-image-1891\" src=\"http:\/\/www.loszapateros.de\/wp-content\/uploads\/2019\/04\/image-1386.jpeg\" alt=\"Image\" srcset=\"https:\/\/www.loszapateros.de\/wp-content\/uploads\/2019\/04\/image-1386.jpeg 480w, https:\/\/www.loszapateros.de\/wp-content\/uploads\/2019\/04\/image-1386-300x201.jpeg 300w\" sizes=\"auto, (max-width: 480px) 100vw, 480px\" \/><\/p>\n<p><img loading=\"lazy\" decoding=\"async\" width=\"480\" height=\"321\" class=\"wp-image-1892\" src=\"http:\/\/www.loszapateros.de\/wp-content\/uploads\/2019\/04\/image-1387.jpeg\" alt=\"Image\" srcset=\"https:\/\/www.loszapateros.de\/wp-content\/uploads\/2019\/04\/image-1387.jpeg 480w, https:\/\/www.loszapateros.de\/wp-content\/uploads\/2019\/04\/image-1387-300x201.jpeg 300w\" sizes=\"auto, (max-width: 480px) 100vw, 480px\" \/><\/p>\n<p><img loading=\"lazy\" decoding=\"async\" width=\"480\" height=\"321\" class=\"wp-image-1893\" src=\"http:\/\/www.loszapateros.de\/wp-content\/uploads\/2019\/04\/image-1388.jpeg\" alt=\"Image\" srcset=\"https:\/\/www.loszapateros.de\/wp-content\/uploads\/2019\/04\/image-1388.jpeg 480w, https:\/\/www.loszapateros.de\/wp-content\/uploads\/2019\/04\/image-1388-300x201.jpeg 300w\" sizes=\"auto, (max-width: 480px) 100vw, 480px\" \/><\/p>\n<p><img loading=\"lazy\" decoding=\"async\" width=\"480\" height=\"321\" class=\"wp-image-1894\" src=\"http:\/\/www.loszapateros.de\/wp-content\/uploads\/2019\/04\/image-1389.jpeg\" alt=\"Image\" srcset=\"https:\/\/www.loszapateros.de\/wp-content\/uploads\/2019\/04\/image-1389.jpeg 480w, https:\/\/www.loszapateros.de\/wp-content\/uploads\/2019\/04\/image-1389-300x201.jpeg 300w\" sizes=\"auto, (max-width: 480px) 100vw, 480px\" \/><\/p>\n<p><img loading=\"lazy\" decoding=\"async\" width=\"480\" height=\"321\" class=\"wp-image-1895\" src=\"http:\/\/www.loszapateros.de\/wp-content\/uploads\/2019\/04\/image-1390.jpeg\" alt=\"Image\" srcset=\"https:\/\/www.loszapateros.de\/wp-content\/uploads\/2019\/04\/image-1390.jpeg 480w, https:\/\/www.loszapateros.de\/wp-content\/uploads\/2019\/04\/image-1390-300x201.jpeg 300w\" sizes=\"auto, (max-width: 480px) 100vw, 480px\" \/><\/td>\n<\/tr>\n<\/tbody>\n<\/table>\n<\/td>\n<\/tr>\n<\/tbody>\n<\/table>\n<\/td>\n<\/tr>\n<\/tbody>\n<\/table>\n","protected":false},"excerpt":{"rendered":"<p>Transamerika-Reise\u00a0 \u00a0Testfahrt in \u00d6sterreich Testfahrt in \u00d6sterreich Testfahrt \u00d6sterreich Geschrieben von Administrator 13. M\u00e4rz 2011 um 14:04 Nachdem das Auto soweit schon einmal einsatzbereit ist haben wir uns kurzfristig dazu entschieden, eine kleine Testfahrt zu unternehmen. Wir fuhren also am 12.03.11 ganz fr\u00fch morgens los und steuerten einen Koordinatenpunkt an<a class=\"moretag\" href=\"https:\/\/www.loszapateros.de\/?page_id=1873\"> Weiterlesen<\/a><\/p>\n","protected":false},"author":1,"featured_media":0,"parent":0,"menu_order":0,"comment_status":"closed","ping_status":"closed","template":"","meta":{"footnotes":""},"class_list":["post-1873","page","type-page","status-publish","hentry"],"_links":{"self":[{"href":"https:\/\/www.loszapateros.de\/index.php?rest_route=\/wp\/v2\/pages\/1873","targetHints":{"allow":["GET"]}}],"collection":[{"href":"https:\/\/www.loszapateros.de\/index.php?rest_route=\/wp\/v2\/pages"}],"about":[{"href":"https:\/\/www.loszapateros.de\/index.php?rest_route=\/wp\/v2\/types\/page"}],"author":[{"embeddable":true,"href":"https:\/\/www.loszapateros.de\/index.php?rest_route=\/wp\/v2\/users\/1"}],"replies":[{"embeddable":true,"href":"https:\/\/www.loszapateros.de\/index.php?rest_route=%2Fwp%2Fv2%2Fcomments&post=1873"}],"version-history":[{"count":1,"href":"https:\/\/www.loszapateros.de\/index.php?rest_route=\/wp\/v2\/pages\/1873\/revisions"}],"predecessor-version":[{"id":1897,"href":"https:\/\/www.loszapateros.de\/index.php?rest_route=\/wp\/v2\/pages\/1873\/revisions\/1897"}],"wp:attachment":[{"href":"https:\/\/www.loszapateros.de\/index.php?rest_route=%2Fwp%2Fv2%2Fmedia&parent=1873"}],"curies":[{"name":"wp","href":"https:\/\/api.w.org\/{rel}","templated":true}]}}