{"id":1899,"date":"2019-04-23T11:35:06","date_gmt":"2019-04-23T09:35:06","guid":{"rendered":"http:\/\/www.loszapateros.de\/?page_id=1899"},"modified":"2019-04-23T11:35:37","modified_gmt":"2019-04-23T09:35:37","slug":"reise-infos-nordamerika","status":"publish","type":"page","link":"https:\/\/www.loszapateros.de\/?page_id=1899","title":{"rendered":"Reise-Infos Nordamerika"},"content":{"rendered":"<p>Reise-Infos\u00a0 <img loading=\"lazy\" decoding=\"async\" width=\"9\" height=\"9\" class=\"wp-image-1900\" src=\"http:\/\/www.loszapateros.de\/wp-content\/uploads\/2019\/04\/arrow-62.png\" alt=\"arrow\" \/> \u00a0Nordamerika<\/p>\n<table>\n<tbody>\n<tr>\n<td>Nordamerika<\/p>\n<table>\n<tbody>\n<tr>\n<td>\n<table>\n<tbody>\n<tr>\n<td>Nordamerika-Infos<\/td>\n<\/tr>\n<\/tbody>\n<\/table>\n<table>\n<tbody>\n<tr>\n<td>Geschrieben von Administrator<\/td>\n<\/tr>\n<tr>\n<td>21. J\u00e4nner 2012 um 21:18<\/td>\n<\/tr>\n<tr>\n<td>\n<strong>Wieviel Euro Kostet eine solche Reise?<\/strong><\/p>\n<p>Wir haben pro Tag im Schnitt 33 \u20ac f\u00fcr zwei Personen ben\u00f6tigt. Darin sind s\u00e4mtliche Kosten f\u00fcr Verpflegung, \u00dcbernachtung und Unternehmungen (also auch Eintritte etc.) enthalten. Wir waren jedoch relativ sparsam unterwegs und haben in Nordamerika kaum Geld f\u00fcr Camping ausgegeben. Je nach Bed\u00fcrfnis kann man sicher auch mit weniger auskommen. Zwischendurch sollte man sich allerdings auch mal was g\u00f6nnen ;-).<br \/>\nDiesel ist in den 33 \u20ac nicht mit eingeschlossen!<\/p>\n<p><strong>Wieviel Zeit muss man daf\u00fcr einkalkulieren?<\/strong><\/p>\n<p>Das kommt immer darauf an, wieviel Zeit man sich nehmen kann, wieviel Geld man zur verf\u00fcgung hat und nat\u00fcrlich auch in welchem Tempo man reisen will. Wir sind eher schnell unterwegs. Andere bleiben tagelang (oder sogar wochenlang) an einem Platz. Ganz generell w\u00fcrden wir sagen: Hat man vor nach Alaska zu fahren sollte man auf jeden Fall einen Monat mehr einplanen. F\u00fcr Kanada und West-USA w\u00fcrden wir mindestens 3 &#8211; 4 Monate empfehlen.<\/p>\n<p><strong>Muss man zwingend ein Auto verschiffen?<\/strong><\/p>\n<p>Absolut nicht. Wir haben Leute kennengelernt die sich in Kanada oder USA eines gekauft haben. Die Zulassung ist in British Columbia sehr einfach. Man kann eine beliebige Adresse angeben. 4 Deutsche die sich einen Minivan gekauft haben, haben eine Adresse eines Hostels angegeben beim Zulassen. Die Fahrzeugpapiere sind auch eher sp\u00e4rlich. In den USA kann man wohl in Minnesota eine Firma gr\u00fcnden, die den gleichen Namen haben sollte wie man selbst. Dazu braucht man nur eine PO-Box. Auf diese Firma Kann man dann das Fahrzeug zulassen. Der Name ist deshalb wichtig, dass es bei Grenz\u00fcberg\u00e4ngen keinen \u00c4rger gibt. Genauere Infos hierzu haben wir leider keine. Aber das Internet gibt diese Infos bestimmt her.<\/p>\n<p><strong>Was f\u00fcr ein Auto braucht man daf\u00fcr?<\/strong><\/p>\n<p>Das kommt auf die pers\u00f6nlichen Bed\u00fcrfnisse an. Offroad oder Onroad? Wer nach Mittel- oder S\u00fcdamerika fahren will sollte auf jeden Fall ein Gel\u00e4ndewagen kaufen. Aber im Prinzip ist von Alaska bis Feuerland alles mit einem Minivan befahrbar. Und desweiteren kommt es darauf an, wie minimalistisch man reisen kann. Wir haben immerhin flie\u00dfend Wasser im Auto, 230V, Warmwasser und vorallem ein Bett! Aber ein Gel\u00e4ndewagen (Pickup) mit Absetzkabine, damit w\u00e4re man ganz gut versorgt. Oder ein Gel\u00e4ndewagen mit Dachzelt! Will man mit nur einem Auto Offroad Fahren sollte man sich \u00fcber einen Flaschenzug, Sandbleche oder andere Hilfsmittel Gedanken machen (oder eine Seilwinde), das kann einem manchmal weiterhelfen:<br \/>\n<img loading=\"lazy\" decoding=\"async\" width=\"480\" height=\"321\" class=\"wp-image-1901\" src=\"http:\/\/www.loszapateros.de\/wp-content\/uploads\/2019\/04\/http-www-trans-amerika-net-mambots-content-multi-3.jpeg\" alt=\"http:\/\/www.trans-amerika.net\/mambots\/content\/multithumb\/thumbs\/97084d73a0a4d81675bce64d2ef51a78.JPG\" srcset=\"https:\/\/www.loszapateros.de\/wp-content\/uploads\/2019\/04\/http-www-trans-amerika-net-mambots-content-multi-3.jpeg 480w, https:\/\/www.loszapateros.de\/wp-content\/uploads\/2019\/04\/http-www-trans-amerika-net-mambots-content-multi-3-300x201.jpeg 300w\" sizes=\"auto, (max-width: 480px) 100vw, 480px\" \/> Seilwinde<\/p>\n<p><strong>Wieviele Kilometer f\u00e4hrt man etwa?<\/strong><\/p>\n<p>Wir haben in Nordamerika 38.000 Kilometer zur\u00fcckgelegt. Wir sind allerdings zur Hochzeit eines Freundes von der Westk\u00fcste nach Florida, also einmal quer durch die Staaten, gefahren und haben so fast 8.000 Kilometer zus\u00e4tzliche Strecke gemacht. Kommt nat\u00fcrlich auch immer darauf an welche Route man geplant hat. F\u00fcr Kanada und West-USA sollte man 18.000 Kilometer kalkulieren, wenn man nicht viele Ausschweifer macht.<\/p>\n<p><strong>Wo \u00fcbernachtet ihr?<\/strong><\/p>\n<p>Zu 95% \u00fcbernachten wir in unserem Auto. In den meisten F\u00e4llen bezahlen wir nicht f\u00fcr Camping. In Kanada ist Wildcampen fast an jedem Eck m\u00f6glich. St\u00e4dtische Gebiete meiden wir generell zum \u00dcbernachten. Und sind wir doch mal in einer Stadt kann man bei Wal-Mart oder Home Depot sein Nachtlager aufschlagen. F\u00fcr uns war das Wildcampen s\u00fcdlicher in den USA oft eine Herausforderung. Vorallem Californien macht es einem ganz sch\u00f6n schwer. Dort verbietet selbst Wal-Mart h\u00e4ufig das Campen. Ausserhalb der St\u00e4dte ist fast alles &#8222;Private Property&#8220; und eingez\u00e4unt. Einen Farmer fragen hilft oft weiter. Manchmal haben wir uns auch auf Hotelparkpl\u00e4tzen &#8222;versteckt&#8220;. Erst zum Schlafen dorthinfahren und dann das Dach nicht aufklappen. So f\u00e4llt man nicht auf.<\/p>\n<p><a href=\"http:\/\/www.trans-amerika.net\/www.trans-amerika.net\/images\/stories\/Zusammenfassungen\/FAQ-Nordamerika\/Walmart%20Parking%20and%20Fuel_%20Rev.%2010_1_11.pdf\"><strong>LINK: Wal-Mart \u00dcbernachtungsliste<\/strong><\/a><\/p>\n<p>F\u00fcr Abgelegene Stellen braucht man nicht immer einen Gel\u00e4ndewagen: <img loading=\"lazy\" decoding=\"async\" width=\"480\" height=\"321\" class=\"wp-image-1902\" src=\"http:\/\/www.loszapateros.de\/wp-content\/uploads\/2019\/04\/image-1391.jpeg\" alt=\"Image\" srcset=\"https:\/\/www.loszapateros.de\/wp-content\/uploads\/2019\/04\/image-1391.jpeg 480w, https:\/\/www.loszapateros.de\/wp-content\/uploads\/2019\/04\/image-1391-300x201.jpeg 300w\" sizes=\"auto, (max-width: 480px) 100vw, 480px\" \/> Wildcamping<\/p>\n<p><strong>Habt ihr euch jemals unsicher gef\u00fchlt? <\/strong><\/p>\n<p>Nein, \u00fcberhaupt nicht. An das \u00dcbernachten im Dachzelt musste man sich anfangs etwas gew\u00f6hnen, da man jedes Ger\u00e4usch von Aussen stark h\u00f6rt. Aber nach einer Weile haben wir selbst an belebten \u00dcbernachtungspl\u00e4tzen keine Probleme gehabt bis um 11 Uhr auszuschlafen \ud83d\ude42 Wichtig ist definitiv: Sobald sich einer unwohl f\u00fchlt, aus welchen Gr\u00fcnden auch immer, sollte man unbedingt einen anderen Platz suchen. Die Platzwahl sollte auch nur am Tag stattfinden, bei Nacht hat man \u00fcberhaupt keinen \u00dcberblick \u00fcber das Umfeld.<\/p>\n<p>Generell w\u00fcrden wir wieder einmal sagen, dass es uns in dieser Hinsicht in Kanada besser gefallen hat. Dort ist nachts in der Regel Ruhe und nicht jeder ist im Besitz von Schusswaffen! Ausserdem haben die Leute eine Schraube weniger locker als die meisten Einwohner der USA, was man am defensiveren Umgang mit anderen Menschen und ihrer Umwelt merkt.<\/p>\n<p><strong>Wo und Was esst ihr?<\/strong><\/p>\n<p>Wir kochen meistens selbst, um Geld zu sparen. <a href=\"http:\/\/www.trans-amerika.net\/index.php?option=com_content&amp;task=blogcategory&amp;id=39&amp;Itemid=58\">Siehe Rezepte<\/a><\/p>\n<p>Restaurants sind in Nordamerika sehr teuer. Lediglich das Fast-Food ist erschwinglich. Wir empfehlen In-N-Out-Burger \ud83d\ude42<\/p>\n<p>Essen bei Walmart&#8230;<br \/>\n<img loading=\"lazy\" decoding=\"async\" width=\"480\" height=\"321\" class=\"wp-image-1903\" src=\"http:\/\/www.loszapateros.de\/wp-content\/uploads\/2019\/04\/image-1392.jpeg\" alt=\"Image\" srcset=\"https:\/\/www.loszapateros.de\/wp-content\/uploads\/2019\/04\/image-1392.jpeg 480w, https:\/\/www.loszapateros.de\/wp-content\/uploads\/2019\/04\/image-1392-300x201.jpeg 300w\" sizes=\"auto, (max-width: 480px) 100vw, 480px\" \/> Essen_Walmart<\/p>\n<p>Oder Essen im Gr\u00fcnen???<br \/>\n<img loading=\"lazy\" decoding=\"async\" width=\"480\" height=\"718\" class=\"wp-image-1904\" src=\"http:\/\/www.loszapateros.de\/wp-content\/uploads\/2019\/04\/image-1393.jpeg\" alt=\"Image\" srcset=\"https:\/\/www.loszapateros.de\/wp-content\/uploads\/2019\/04\/image-1393.jpeg 480w, https:\/\/www.loszapateros.de\/wp-content\/uploads\/2019\/04\/image-1393-201x300.jpeg 201w\" sizes=\"auto, (max-width: 480px) 100vw, 480px\" \/><\/p>\n<p><strong>Wo geht ihr aufs Klo?<\/strong><\/p>\n<p>In Nordamerika findet sich eigentlich immer eine angenehme Toilette. McDonalds ist sicher nicht die beste Wahl, aber meistens zur Stelle wenn man eine braucht. Und wenn nicht, dann haben wir den Klappspaten:<br \/>\n<img loading=\"lazy\" decoding=\"async\" width=\"480\" height=\"321\" class=\"wp-image-1905\" src=\"http:\/\/www.loszapateros.de\/wp-content\/uploads\/2019\/04\/image-1394.jpeg\" alt=\"Image\" srcset=\"https:\/\/www.loszapateros.de\/wp-content\/uploads\/2019\/04\/image-1394.jpeg 480w, https:\/\/www.loszapateros.de\/wp-content\/uploads\/2019\/04\/image-1394-300x201.jpeg 300w\" sizes=\"auto, (max-width: 480px) 100vw, 480px\" \/> Naturklo<\/p>\n<p><strong>Wo wascht ihr eure W\u00e4sche?<\/strong><\/p>\n<p>Wir waschen unsere W\u00e4sche in W\u00e4schereien. Die gibt es eigentlich in jedem etwas gr\u00f6\u00dferem Ort. Die Waschsalons werden auch von den Einheimischen viel besucht. Bezahlt haben wir f\u00fcr eine Ladung W\u00e4sche zwischen 2,50 USD und 10 USD inklusive dem Trockner. Waschmittel kann man selbst mitbringen oder dort kaufen.<br \/>\n<img loading=\"lazy\" decoding=\"async\" width=\"480\" height=\"321\" class=\"wp-image-1906\" src=\"http:\/\/www.loszapateros.de\/wp-content\/uploads\/2019\/04\/image-1395.jpeg\" alt=\"Image\" srcset=\"https:\/\/www.loszapateros.de\/wp-content\/uploads\/2019\/04\/image-1395.jpeg 480w, https:\/\/www.loszapateros.de\/wp-content\/uploads\/2019\/04\/image-1395-300x201.jpeg 300w\" sizes=\"auto, (max-width: 480px) 100vw, 480px\" \/> Waschsalon<\/p>\n<p><strong>Wo bekommt ihr Trinkwasser \/ Nutzwasser?<\/strong><\/p>\n<p>In Nordamerika kann man oft an Tankstellen Wasser auff\u00fcllen. Einen Schlauch hierzu gibt&#8217;s im Wal-Mart f\u00fcr ein paar Dollar. Wenn man nett nach 20 Litern Wasser fragt kann man beispielsweise auch mal am Feuerwehrgeb\u00e4ude schnorren. Ab und zu gibt es Quellen an denen man auff\u00fcllen kann.<br \/>\n<img loading=\"lazy\" decoding=\"async\" width=\"480\" height=\"321\" class=\"wp-image-1907\" src=\"http:\/\/www.loszapateros.de\/wp-content\/uploads\/2019\/04\/image-1396.jpeg\" alt=\"Image\" srcset=\"https:\/\/www.loszapateros.de\/wp-content\/uploads\/2019\/04\/image-1396.jpeg 480w, https:\/\/www.loszapateros.de\/wp-content\/uploads\/2019\/04\/image-1396-300x201.jpeg 300w\" sizes=\"auto, (max-width: 480px) 100vw, 480px\" \/> Wasser<\/p>\n<p><strong>Wo duscht ihr?<\/strong><\/p>\n<p>Wir haben einen Warmwasserboiler und eine Campingdusche von Reimo. So k\u00f6nnen wir uns gem\u00fctlich hinter dem Auto duschen, wenn es drau\u00dfen nicht zu kalt ist. Einen 20-Liter Kanister und eine Tauchpumpe mit Duschaufsatz w\u00fcrden aber theoretisch vollkommen ausreichen.<br \/>\nIn St\u00e4dten oder an Kalten Tagen duscht es sich so nicht gut. Wir suchen uns dann Hostels raus in denen wir Duschen k\u00f6nnen indem wir einfach reinlaufen und so tun als w\u00fcrden wir dazugeh\u00f6ren.<br \/>\n<img loading=\"lazy\" decoding=\"async\" width=\"480\" height=\"717\" class=\"wp-image-1908\" src=\"http:\/\/www.loszapateros.de\/wp-content\/uploads\/2019\/04\/image-1397.jpeg\" alt=\"Image\" srcset=\"https:\/\/www.loszapateros.de\/wp-content\/uploads\/2019\/04\/image-1397.jpeg 480w, https:\/\/www.loszapateros.de\/wp-content\/uploads\/2019\/04\/image-1397-201x300.jpeg 201w\" sizes=\"auto, (max-width: 480px) 100vw, 480px\" \/> Dusche<\/p>\n<p><strong>Braucht man f\u00fcr USA \/ Kanada spezielle Visa?<\/strong><\/p>\n<p>Generell: Nein. F\u00fcr Kanada bekommt man automatisch 6 Monate und f\u00fcr die USA 3 Monate. Braucht man mehr Zeit sollte man sich am Besten schon im Voraus um ein Visum k\u00fcmmern.<\/p>\n<p><strong>Verl\u00e4ngert sich das I-94 (3 Monats-Visum f\u00fcr USA) durch Kanada \/ Mexiko?<\/strong><\/p>\n<p>Reist man visumsfrei in die USA ein bekommt man ein sogenanntes I-94 Visum. Es ist im Prinzip gesetzlich unm\u00f6glich es zu verl\u00e4ngern. Also einen Antrag hierzu kann man sich schonmal sparen. Manchmal klappt es allerdings durch eine Ausreise nach Kanada oder Mexiko. Wenn man Gl\u00fcck hat bekommt man vom Grenzbeamten einen neuen Stempel. Dazu sollte man sich aber bei der Ausreise auf jeden Fall die gr\u00fcne I94-Karte aus dem Pass nehmen lassen indem man erw\u00e4hnt, dass man nicht wieder in die USA einreisen wird. Im Zweifelsfall w\u00fcrden wir es nicht darauf anlegen dass es verl\u00e4ngert wird. Auch alle Karibischen Inseln f\u00fchren nicht zu einer Neuausstellung des Visums. Lediglich eine Ausreise aus Nordamerika (also auch nicht nach Mexiko!) f\u00fchrt zu einer Verl\u00e4ngerung.<\/p>\n<p><strong>Fragt jemand nach dem R\u00fcckflugticket?<\/strong><\/p>\n<p>Wir wurden nie danach gefragt. Und wenn, ist es wichtig \u00fcber Geld zu verf\u00fcgen um die Grenzbeamten zu \u00fcberzeugen, dass man wieder ausreisen wird, bzw. in der Lage ist sich sein Ticket zu kaufen. Auf die Frage wann wir wieder ausreisen w\u00fcrden haben wir immer mit einer bestimmten Zeitspanne geantwortet, so spart man sich weitere Fragen.<\/td>\n<\/tr>\n<tr>\n<td>Zuletzt \u00fcberarbeitet ( 21. J\u00e4nner 2012 um 23:07 )<\/td>\n<\/tr>\n<\/tbody>\n<\/table>\n<\/td>\n<\/tr>\n<\/tbody>\n<\/table>\n<\/td>\n<\/tr>\n<\/tbody>\n<\/table>\n","protected":false},"excerpt":{"rendered":"<p>Reise-Infos\u00a0 \u00a0Nordamerika Nordamerika Nordamerika-Infos Geschrieben von Administrator 21. J\u00e4nner 2012 um 21:18 Wieviel Euro Kostet eine solche Reise? Wir haben pro Tag im Schnitt 33 \u20ac f\u00fcr zwei Personen ben\u00f6tigt. Darin sind s\u00e4mtliche Kosten f\u00fcr Verpflegung, \u00dcbernachtung und Unternehmungen (also auch Eintritte etc.) enthalten. Wir waren jedoch relativ sparsam unterwegs<a class=\"moretag\" href=\"https:\/\/www.loszapateros.de\/?page_id=1899\"> Weiterlesen<\/a><\/p>\n","protected":false},"author":1,"featured_media":0,"parent":0,"menu_order":0,"comment_status":"closed","ping_status":"closed","template":"","meta":{"footnotes":""},"class_list":["post-1899","page","type-page","status-publish","hentry"],"_links":{"self":[{"href":"https:\/\/www.loszapateros.de\/index.php?rest_route=\/wp\/v2\/pages\/1899","targetHints":{"allow":["GET"]}}],"collection":[{"href":"https:\/\/www.loszapateros.de\/index.php?rest_route=\/wp\/v2\/pages"}],"about":[{"href":"https:\/\/www.loszapateros.de\/index.php?rest_route=\/wp\/v2\/types\/page"}],"author":[{"embeddable":true,"href":"https:\/\/www.loszapateros.de\/index.php?rest_route=\/wp\/v2\/users\/1"}],"replies":[{"embeddable":true,"href":"https:\/\/www.loszapateros.de\/index.php?rest_route=%2Fwp%2Fv2%2Fcomments&post=1899"}],"version-history":[{"count":2,"href":"https:\/\/www.loszapateros.de\/index.php?rest_route=\/wp\/v2\/pages\/1899\/revisions"}],"predecessor-version":[{"id":1911,"href":"https:\/\/www.loszapateros.de\/index.php?rest_route=\/wp\/v2\/pages\/1899\/revisions\/1911"}],"wp:attachment":[{"href":"https:\/\/www.loszapateros.de\/index.php?rest_route=%2Fwp%2Fv2%2Fmedia&parent=1899"}],"curies":[{"name":"wp","href":"https:\/\/api.w.org\/{rel}","templated":true}]}}