{"id":1929,"date":"2019-04-23T11:37:07","date_gmt":"2019-04-23T09:37:07","guid":{"rendered":"http:\/\/www.loszapateros.de\/?page_id=1929"},"modified":"2019-04-23T11:38:01","modified_gmt":"2019-04-23T09:38:01","slug":"planung-vorbereitung","status":"publish","type":"page","link":"https:\/\/www.loszapateros.de\/?page_id=1929","title":{"rendered":"Planung &#038; Vorbereitung"},"content":{"rendered":"<p>Vorgeschichte\u00a0 <img loading=\"lazy\" decoding=\"async\" width=\"9\" height=\"9\" class=\"wp-image-1930\" src=\"http:\/\/www.loszapateros.de\/wp-content\/uploads\/2019\/04\/arrow-64.png\" alt=\"arrow\" \/> \u00a0Planung &amp; Vorbereitung<\/p>\n<table>\n<tbody>\n<tr>\n<td>Planung &amp; Vorbereitung<\/p>\n<table>\n<tbody>\n<tr>\n<td>\n<table>\n<tbody>\n<tr>\n<td>Zeitlicher Umfang &amp; Budgetierung<\/td>\n<\/tr>\n<\/tbody>\n<\/table>\n<table>\n<tbody>\n<tr>\n<td>Geschrieben von Administrator<\/td>\n<\/tr>\n<tr>\n<td>16. Dezember 2010 um 13:52<\/td>\n<\/tr>\n<tr>\n<td>Eine solche Reise erfordert viel Zeit. Wir haben von Leuten gelesen, die zum Bereisen von Nord-, Mittel und S\u00fcdamerika ca 4 Jahre ben\u00f6tigt haben. Aus unserer bisherigen Reiseerfahrung wissen wir jedoch, dass wir nicht Wochenlang an einem Ort ausharren. Nach wenigen Tagen zieht es uns weiter um Neues zu erkunden. F\u00fcr uns ist auf dieser Reise nicht nur Ankommen, sondern auch der Weg das Ziel. Ausserdem sind uns finanzielle Grenzen gesetzt! Wenn das Geld zuende gehen sollte, trotz aller sorgf\u00e4ltigen und gr\u00fcndlichen Planung, dann w\u00e4re die Reise fr\u00fcher zuende.<\/p>\n<p>Zeitlicher Umfang:<\/p>\n<ul>\n<li>Verschiffung desToyotas im Juni 2011, Ankunft in Halifax mitte Juli 2011<\/li>\n<li>Abflug nach Halifax im Juli 2011<\/li>\n<li>Ankunft in Panama ca. Januar 2012<\/li>\n<li>Ankunft in Valparaiso, Chile im Juli 2012. Dort wird der Toyota nach Deutschland verschifft. Wir fliegen nach Hause.<\/li>\n<\/ul>\n<p>Weitere Fakten:<\/p>\n<ul>\n<li>Tagesetappe pro Tag ca 140Km im Durchschnitt<\/li>\n<li>Gesamtfahrstrecke ca 50.000 Km<\/li>\n<li>Sollte uns unterwegs etwas zu hektisch erscheinen wird der Plan \u00fcber den Haufen geworfen!<\/li>\n<\/ul>\n<p>Wir budgetieren folgenderma\u00dfen:<\/p>\n<ul>\n<li><strong>Verschiffungskosten: 4400\u20ac<\/strong>\n<ul>\n<li>Deutschland &#8211; Kanada mit Seabridge, Roll on Roll off, etwa 1600\u20ac<\/li>\n<li>Panama &#8211; Kolumbien mit Chiquita, etwa 1000\u20ac<\/li>\n<li>Valparaiso &#8211; Deutschland, 20&#8243; Container,1800\u20ac<\/li>\n<\/ul>\n<\/li>\n<li><strong>Fl\u00fcge: 3600\u20ac<\/strong>\n<ul>\n<li>Deutschland &#8211; Canada, 2 Personen 900\u20ac<\/li>\n<li>Panama &#8211; Kolumbien, 2 Personen 500\u20ac<\/li>\n<li>Chile &#8211; Deutschland, 2 Personen 2200\u20ac<\/li>\n<\/ul>\n<\/li>\n<li><strong>Sonstige Kosten<\/strong>:<strong> 16.000\u20ac<\/strong>\n<ul>\n<li>Dieselkosten: ca 5000\u20ac<\/li>\n<li>Nahrungsmittel und sonstiges: 11.000\u20ac: entspricht 15\u20ac je Person pro Tag<\/li>\n<\/ul>\n<\/li>\n<li><strong>Versicherungen: 2365\u20ac<\/strong>\n<ul>\n<li>KFZ-Versicherungskosten Nordamerika: 900\u20ac<\/li>\n<li>KFZ-Versicherungskosten S\u00fcdamerika:700\u20ac<\/li>\n<li>Krankenversicherung f\u00fcr 2 Personen: 765\u20ac<\/li>\n<\/ul>\n<\/li>\n<\/ul>\n<p><strong>Gesamtsumme = 26.365,- \u20ac<\/strong><\/p>\n<p>N\u00fctzliche Informationen:<\/p>\n<ul>\n<li>G\u00fcnstigste Auslandskrankenschutz-Versicherung (Langzeit) ist beim ADAC abzuschlie\u00dfen! Wir zahlen 765\u20ac f\u00fcr 2 Personen \/ Jahr<\/li>\n<li>Wohnmobilversicherung mit Seabridge ist die g\u00fcnstigste f\u00fcr Nordamerika. Alternative: AIU Car Insurance Ramstein<\/li>\n<li>Versicherungen f\u00fcr Mittel- \/ S\u00fcdamerika wollen wir an den Grenzen abschlie\u00dfen.<\/li>\n<\/ul>\n<\/td>\n<\/tr>\n<tr>\n<td>Zuletzt \u00fcberarbeitet ( 05. Juli 2011 um 17:27 )<\/td>\n<\/tr>\n<\/tbody>\n<\/table>\n<\/td>\n<\/tr>\n<tr>\n<td>\n<table>\n<tbody>\n<tr>\n<td>\n<table>\n<tbody>\n<tr>\n<td>Die geplante Route<\/td>\n<\/tr>\n<\/tbody>\n<\/table>\n<table>\n<tbody>\n<tr>\n<td>Geschrieben von Administrator<\/td>\n<\/tr>\n<tr>\n<td>16. Dezember 2010 um 13:27<\/td>\n<\/tr>\n<tr>\n<td>Die genaue Route wird nicht festgelegt. Wir planen einige Punkte die wir anfahren wollen. Jedoch wollen wir uns von unserer Lust und Laune im Rahmen unseres Budgets treiben lassen.<\/p>\n<p><img loading=\"lazy\" decoding=\"async\" width=\"480\" height=\"313\" class=\"wp-image-1931\" src=\"http:\/\/www.loszapateros.de\/wp-content\/uploads\/2019\/04\/http-www-trans-amerika-net-mambots-content-multi-5.jpeg\" alt=\"http:\/\/www.trans-amerika.net\/mambots\/content\/multithumb\/thumbs\/3496d98e676be3078a603d419531807c.jpg\" srcset=\"https:\/\/www.loszapateros.de\/wp-content\/uploads\/2019\/04\/http-www-trans-amerika-net-mambots-content-multi-5.jpeg 480w, https:\/\/www.loszapateros.de\/wp-content\/uploads\/2019\/04\/http-www-trans-amerika-net-mambots-content-multi-5-300x196.jpeg 300w\" sizes=\"auto, (max-width: 480px) 100vw, 480px\" \/><\/td>\n<\/tr>\n<\/tbody>\n<\/table>\n<\/td>\n<\/tr>\n<\/tbody>\n<\/table>\n<\/td>\n<\/tr>\n<\/tbody>\n<\/table>\n<\/td>\n<\/tr>\n<\/tbody>\n<\/table>\n","protected":false},"excerpt":{"rendered":"<p>Vorgeschichte\u00a0 \u00a0Planung &amp; Vorbereitung Planung &amp; Vorbereitung Zeitlicher Umfang &amp; Budgetierung Geschrieben von Administrator 16. Dezember 2010 um 13:52 Eine solche Reise erfordert viel Zeit. Wir haben von Leuten gelesen, die zum Bereisen von Nord-, Mittel und S\u00fcdamerika ca 4 Jahre ben\u00f6tigt haben. Aus unserer bisherigen Reiseerfahrung wissen wir jedoch,<a class=\"moretag\" href=\"https:\/\/www.loszapateros.de\/?page_id=1929\"> Weiterlesen<\/a><\/p>\n","protected":false},"author":1,"featured_media":0,"parent":0,"menu_order":0,"comment_status":"closed","ping_status":"closed","template":"","meta":{"footnotes":""},"class_list":["post-1929","page","type-page","status-publish","hentry"],"_links":{"self":[{"href":"https:\/\/www.loszapateros.de\/index.php?rest_route=\/wp\/v2\/pages\/1929","targetHints":{"allow":["GET"]}}],"collection":[{"href":"https:\/\/www.loszapateros.de\/index.php?rest_route=\/wp\/v2\/pages"}],"about":[{"href":"https:\/\/www.loszapateros.de\/index.php?rest_route=\/wp\/v2\/types\/page"}],"author":[{"embeddable":true,"href":"https:\/\/www.loszapateros.de\/index.php?rest_route=\/wp\/v2\/users\/1"}],"replies":[{"embeddable":true,"href":"https:\/\/www.loszapateros.de\/index.php?rest_route=%2Fwp%2Fv2%2Fcomments&post=1929"}],"version-history":[{"count":2,"href":"https:\/\/www.loszapateros.de\/index.php?rest_route=\/wp\/v2\/pages\/1929\/revisions"}],"predecessor-version":[{"id":1934,"href":"https:\/\/www.loszapateros.de\/index.php?rest_route=\/wp\/v2\/pages\/1929\/revisions\/1934"}],"wp:attachment":[{"href":"https:\/\/www.loszapateros.de\/index.php?rest_route=%2Fwp%2Fv2%2Fmedia&parent=1929"}],"curies":[{"name":"wp","href":"https:\/\/api.w.org\/{rel}","templated":true}]}}