{"id":1935,"date":"2019-04-23T11:38:54","date_gmt":"2019-04-23T09:38:54","guid":{"rendered":"http:\/\/www.loszapateros.de\/?page_id=1935"},"modified":"2019-04-23T11:38:55","modified_gmt":"2019-04-23T09:38:55","slug":"reisen-vor-2011","status":"publish","type":"page","link":"https:\/\/www.loszapateros.de\/?page_id=1935","title":{"rendered":"Reisen vor 2011"},"content":{"rendered":"<p>Vorgeschichte\u00a0 <img loading=\"lazy\" decoding=\"async\" width=\"9\" height=\"9\" class=\"wp-image-1936\" src=\"http:\/\/www.loszapateros.de\/wp-content\/uploads\/2019\/04\/arrow-65.png\" alt=\"arrow\" \/> \u00a0Vorherige Reisen<\/p>\n<table>\n<tbody>\n<tr>\n<td>Vorherige Reisen<\/p>\n<table>\n<tbody>\n<tr>\n<td>\n<table>\n<tbody>\n<tr>\n<td>Vorherige Reisen<\/td>\n<\/tr>\n<\/tbody>\n<\/table>\n<table>\n<tbody>\n<tr>\n<td>Geschrieben von Administrator<\/td>\n<\/tr>\n<tr>\n<td>16. Dezember 2010 um 14:29<\/td>\n<\/tr>\n<tr>\n<td>Erste Individualreise-Erfahrungen machte ich 2002 als ich meine Schwester auf Ihrer Weltreise in Indonesien besuchte. Damals war das ein eher erschreckendes Erlebnis f\u00fcr mich. Aus seiner touristischen Urlaubswelt hinausgerissen in eine zumindest weniger touristische Welt. Auf jeden Fall wesentlich n\u00e4her an den Menschen. Erst als ich nach 2 Wochen nach Hause kam, entwickelte ich positive Gedanken zu dieser Reise. Sehr sp\u00e4t, erst in 2007, beschlossen meine Freundin und ich, dass wir eine Reise nach Thailand mit dem Rucksack unternehmen wollten. Wenn ich heute nach Thailand fliege brauche ich nichts mehr, ausser einen kleinen Rucksack mit wenigen Kleinigkeiten. Es ist erstaunlich, wie man seine Ansichten \u00e4ndern kann! In der Zwischenzeit bereisten wir noch andere L\u00e4nder in S\u00fcdostasien sowie Peru und Bolivien in S\u00fcdamerika.<\/p>\n<p>Niemals wieder in meinem Leben werde ich freiwillig einen Urlaub buchen. Was braucht man schon tats\u00e4chlich ausser Geld, einen Pass, ein Flugticket, einen Kompass und eine Karte?<\/p>\n<p><strong>\u201cThe world is a book, and those who do not travel read only a page.\u201d<br \/>\n&#8211; Saint Augustine<\/strong><\/p>\n<p>ich w\u00fcrde das noch erg\u00e4nzen mit:<\/p>\n<p><strong>&#8222;those who travel all-inclusive or with agencies read only the titles but not the content&#8220;<\/strong><br \/>\n&#8211;<strong> Philip Schuster \u00a0\u00a0 <\/strong><br \/>\n<img loading=\"lazy\" decoding=\"async\" width=\"18\" height=\"18\" class=\"wp-image-1937\" src=\"http:\/\/www.loszapateros.de\/wp-content\/uploads\/2019\/04\/http-www-trans-amerika-net-mambots-editors-mostl.gif\" alt=\"http:\/\/www.trans-amerika.net\/mambots\/editors\/mostlyce\/jscripts\/tiny_mce\/plugins\/emotions\/images\/smiley-wink.gif\" \/><\/p>\n<p>Impressionen unserer bisherigen Erlebnisse:<\/p>\n<p>Peru &amp; Bolivien:<\/p>\n<p><img loading=\"lazy\" decoding=\"async\" width=\"480\" height=\"716\" class=\"wp-image-1938\" src=\"http:\/\/www.loszapateros.de\/wp-content\/uploads\/2019\/04\/image-1410.jpeg\" alt=\"Image\" srcset=\"https:\/\/www.loszapateros.de\/wp-content\/uploads\/2019\/04\/image-1410.jpeg 480w, https:\/\/www.loszapateros.de\/wp-content\/uploads\/2019\/04\/image-1410-201x300.jpeg 201w\" sizes=\"auto, (max-width: 480px) 100vw, 480px\" \/><\/p>\n<p>Tolle Landschaften in der N\u00e4he des Colca-Canyons.<\/p>\n<p><img loading=\"lazy\" decoding=\"async\" width=\"480\" height=\"322\" class=\"wp-image-1939\" src=\"http:\/\/www.loszapateros.de\/wp-content\/uploads\/2019\/04\/image-1411.jpeg\" alt=\"Image\" srcset=\"https:\/\/www.loszapateros.de\/wp-content\/uploads\/2019\/04\/image-1411.jpeg 480w, https:\/\/www.loszapateros.de\/wp-content\/uploads\/2019\/04\/image-1411-300x201.jpeg 300w\" sizes=\"auto, (max-width: 480px) 100vw, 480px\" \/><\/p>\n<p>Chaos im Backpacker-Zimmer&#8230; normal oder???<\/p>\n<p><img loading=\"lazy\" decoding=\"async\" width=\"480\" height=\"716\" class=\"wp-image-1940\" src=\"http:\/\/www.loszapateros.de\/wp-content\/uploads\/2019\/04\/image-1412.jpeg\" alt=\"Image\" srcset=\"https:\/\/www.loszapateros.de\/wp-content\/uploads\/2019\/04\/image-1412.jpeg 480w, https:\/\/www.loszapateros.de\/wp-content\/uploads\/2019\/04\/image-1412-201x300.jpeg 201w\" sizes=\"auto, (max-width: 480px) 100vw, 480px\" \/><\/p>\n<p>Bisher mit dem Bus, Bald mit dem eigenen Auto!<\/p>\n<p><img loading=\"lazy\" decoding=\"async\" width=\"480\" height=\"322\" class=\"wp-image-1941\" src=\"http:\/\/www.loszapateros.de\/wp-content\/uploads\/2019\/04\/image-1413.jpeg\" alt=\"Image\" srcset=\"https:\/\/www.loszapateros.de\/wp-content\/uploads\/2019\/04\/image-1413.jpeg 480w, https:\/\/www.loszapateros.de\/wp-content\/uploads\/2019\/04\/image-1413-300x201.jpeg 300w\" sizes=\"auto, (max-width: 480px) 100vw, 480px\" \/><\/p>\n<p>Anstehen an der Grenze Peru \/ Bolivien<\/p>\n<p><img loading=\"lazy\" decoding=\"async\" width=\"480\" height=\"322\" class=\"wp-image-1942\" src=\"http:\/\/www.loszapateros.de\/wp-content\/uploads\/2019\/04\/image-1414.jpeg\" alt=\"Image\" srcset=\"https:\/\/www.loszapateros.de\/wp-content\/uploads\/2019\/04\/image-1414.jpeg 480w, https:\/\/www.loszapateros.de\/wp-content\/uploads\/2019\/04\/image-1414-300x201.jpeg 300w\" sizes=\"auto, (max-width: 480px) 100vw, 480px\" \/><\/p>\n<p>Paracas&#8230; Mit dem Fahrrad durch den Sand = Anstrengend!<\/p>\n<p><img loading=\"lazy\" decoding=\"async\" width=\"480\" height=\"716\" class=\"wp-image-1943\" src=\"http:\/\/www.loszapateros.de\/wp-content\/uploads\/2019\/04\/image-1415.jpeg\" alt=\"Image\" srcset=\"https:\/\/www.loszapateros.de\/wp-content\/uploads\/2019\/04\/image-1415.jpeg 480w, https:\/\/www.loszapateros.de\/wp-content\/uploads\/2019\/04\/image-1415-201x300.jpeg 201w\" sizes=\"auto, (max-width: 480px) 100vw, 480px\" \/><\/p>\n<p><img loading=\"lazy\" decoding=\"async\" width=\"480\" height=\"322\" class=\"wp-image-1944\" src=\"http:\/\/www.loszapateros.de\/wp-content\/uploads\/2019\/04\/image-1416.jpeg\" alt=\"Image\" srcset=\"https:\/\/www.loszapateros.de\/wp-content\/uploads\/2019\/04\/image-1416.jpeg 480w, https:\/\/www.loszapateros.de\/wp-content\/uploads\/2019\/04\/image-1416-300x201.jpeg 300w\" sizes=\"auto, (max-width: 480px) 100vw, 480px\" \/><\/p>\n<p>Centro America, ein kleines Dorf in der N\u00e4he von Iquitos<\/p>\n<p><img loading=\"lazy\" decoding=\"async\" width=\"480\" height=\"322\" class=\"wp-image-1945\" src=\"http:\/\/www.loszapateros.de\/wp-content\/uploads\/2019\/04\/image-1417.jpeg\" alt=\"Image\" srcset=\"https:\/\/www.loszapateros.de\/wp-content\/uploads\/2019\/04\/image-1417.jpeg 480w, https:\/\/www.loszapateros.de\/wp-content\/uploads\/2019\/04\/image-1417-300x201.jpeg 300w\" sizes=\"auto, (max-width: 480px) 100vw, 480px\" \/><\/p>\n<p>Die Schule in Centro America<\/p>\n<p><img loading=\"lazy\" decoding=\"async\" width=\"480\" height=\"716\" class=\"wp-image-1946\" src=\"http:\/\/www.loszapateros.de\/wp-content\/uploads\/2019\/04\/image-1418.jpeg\" alt=\"Image\" srcset=\"https:\/\/www.loszapateros.de\/wp-content\/uploads\/2019\/04\/image-1418.jpeg 480w, https:\/\/www.loszapateros.de\/wp-content\/uploads\/2019\/04\/image-1418-201x300.jpeg 201w\" sizes=\"auto, (max-width: 480px) 100vw, 480px\" \/><\/p>\n<p>Unser Abendessen: Phiranhas!<\/p>\n<p><img loading=\"lazy\" decoding=\"async\" width=\"480\" height=\"716\" class=\"wp-image-1947\" src=\"http:\/\/www.loszapateros.de\/wp-content\/uploads\/2019\/04\/image-1419.jpeg\" alt=\"Image\" srcset=\"https:\/\/www.loszapateros.de\/wp-content\/uploads\/2019\/04\/image-1419.jpeg 480w, https:\/\/www.loszapateros.de\/wp-content\/uploads\/2019\/04\/image-1419-201x300.jpeg 201w\" sizes=\"auto, (max-width: 480px) 100vw, 480px\" \/><\/p>\n<p>Peruanisches Alpaca h\u00fcbsch geschm\u00fcckt f\u00fcr die Touris<\/p>\n<p><img loading=\"lazy\" decoding=\"async\" width=\"480\" height=\"322\" class=\"wp-image-1948\" src=\"http:\/\/www.loszapateros.de\/wp-content\/uploads\/2019\/04\/image-1420.jpeg\" alt=\"Image\" srcset=\"https:\/\/www.loszapateros.de\/wp-content\/uploads\/2019\/04\/image-1420.jpeg 480w, https:\/\/www.loszapateros.de\/wp-content\/uploads\/2019\/04\/image-1420-300x201.jpeg 300w\" sizes=\"auto, (max-width: 480px) 100vw, 480px\" \/><\/p>\n<p>Auf dem Weg nach Aguas Calientes &#8211; wer hier von der Stra\u00dfe abkommt endet fast so wie auf der ber\u00fcchtigten Todesstra\u00dfe in Bolivien!<\/p>\n<p><img loading=\"lazy\" decoding=\"async\" width=\"480\" height=\"322\" class=\"wp-image-1949\" src=\"http:\/\/www.loszapateros.de\/wp-content\/uploads\/2019\/04\/image-1421.jpeg\" alt=\"Image\" srcset=\"https:\/\/www.loszapateros.de\/wp-content\/uploads\/2019\/04\/image-1421.jpeg 480w, https:\/\/www.loszapateros.de\/wp-content\/uploads\/2019\/04\/image-1421-300x201.jpeg 300w\" sizes=\"auto, (max-width: 480px) 100vw, 480px\" \/><\/p>\n<p>Obligatorisches Machu Picchu-Bild<\/p>\n<p>Thailand, Malaysia, Singapore:<\/p>\n<p><img loading=\"lazy\" decoding=\"async\" width=\"480\" height=\"360\" class=\"wp-image-1950\" src=\"http:\/\/www.loszapateros.de\/wp-content\/uploads\/2019\/04\/image-1422.jpeg\" alt=\"Image\" srcset=\"https:\/\/www.loszapateros.de\/wp-content\/uploads\/2019\/04\/image-1422.jpeg 480w, https:\/\/www.loszapateros.de\/wp-content\/uploads\/2019\/04\/image-1422-300x225.jpeg 300w\" sizes=\"auto, (max-width: 480px) 100vw, 480px\" \/><\/p>\n<p>eins von Jessis Blumen- und Tierbildern<\/p>\n<p><img loading=\"lazy\" decoding=\"async\" width=\"480\" height=\"360\" class=\"wp-image-1951\" src=\"http:\/\/www.loszapateros.de\/wp-content\/uploads\/2019\/04\/image-1423.jpeg\" alt=\"Image\" srcset=\"https:\/\/www.loszapateros.de\/wp-content\/uploads\/2019\/04\/image-1423.jpeg 480w, https:\/\/www.loszapateros.de\/wp-content\/uploads\/2019\/04\/image-1423-300x225.jpeg 300w\" sizes=\"auto, (max-width: 480px) 100vw, 480px\" \/><\/p>\n<p>Wir haben uns ein Paddelboot gemietet und sind einen Tag lang die Inseln entlanggefahren. Total sch\u00f6n und einsam!<\/p>\n<p><img loading=\"lazy\" decoding=\"async\" width=\"480\" height=\"360\" class=\"wp-image-1952\" src=\"http:\/\/www.loszapateros.de\/wp-content\/uploads\/2019\/04\/image-1424.jpeg\" alt=\"Image\" srcset=\"https:\/\/www.loszapateros.de\/wp-content\/uploads\/2019\/04\/image-1424.jpeg 480w, https:\/\/www.loszapateros.de\/wp-content\/uploads\/2019\/04\/image-1424-300x225.jpeg 300w\" sizes=\"auto, (max-width: 480px) 100vw, 480px\" \/><\/p>\n<p>Ko Libong, eine kleine und recht unber\u00fchrte Insel im Westen Thailands. Der Tourismus hat sich hier noch kaum verbreitet (Mein Stand: 2008!)<\/p>\n<p><img loading=\"lazy\" decoding=\"async\" width=\"480\" height=\"360\" class=\"wp-image-1953\" src=\"http:\/\/www.loszapateros.de\/wp-content\/uploads\/2019\/04\/image-1425.jpeg\" alt=\"Image\" srcset=\"https:\/\/www.loszapateros.de\/wp-content\/uploads\/2019\/04\/image-1425.jpeg 480w, https:\/\/www.loszapateros.de\/wp-content\/uploads\/2019\/04\/image-1425-300x225.jpeg 300w\" sizes=\"auto, (max-width: 480px) 100vw, 480px\" \/><\/p>\n<p>Wieder was gelernt: Auf einer Insel, auf der es keinen Strom gibt auf keinen Fall Meeresfr\u00fcchte bestellen! (Wenn man sich nicht vergewissert hat dass sie frisch sind!)<\/p>\n<p><img loading=\"lazy\" decoding=\"async\" width=\"480\" height=\"360\" class=\"wp-image-1954\" src=\"http:\/\/www.loszapateros.de\/wp-content\/uploads\/2019\/04\/image-1426.jpeg\" alt=\"Image\" srcset=\"https:\/\/www.loszapateros.de\/wp-content\/uploads\/2019\/04\/image-1426.jpeg 480w, https:\/\/www.loszapateros.de\/wp-content\/uploads\/2019\/04\/image-1426-300x225.jpeg 300w\" sizes=\"auto, (max-width: 480px) 100vw, 480px\" \/><\/p>\n<p><img loading=\"lazy\" decoding=\"async\" width=\"480\" height=\"360\" class=\"wp-image-1955\" src=\"http:\/\/www.loszapateros.de\/wp-content\/uploads\/2019\/04\/image-1427.jpeg\" alt=\"Image\" srcset=\"https:\/\/www.loszapateros.de\/wp-content\/uploads\/2019\/04\/image-1427.jpeg 480w, https:\/\/www.loszapateros.de\/wp-content\/uploads\/2019\/04\/image-1427-300x225.jpeg 300w\" sizes=\"auto, (max-width: 480px) 100vw, 480px\" \/><\/p>\n<p>Tanken auf Ko Lanta<\/p>\n<p><img loading=\"lazy\" decoding=\"async\" width=\"480\" height=\"360\" class=\"wp-image-1956\" src=\"http:\/\/www.loszapateros.de\/wp-content\/uploads\/2019\/04\/image-1428.jpeg\" alt=\"Image\" srcset=\"https:\/\/www.loszapateros.de\/wp-content\/uploads\/2019\/04\/image-1428.jpeg 480w, https:\/\/www.loszapateros.de\/wp-content\/uploads\/2019\/04\/image-1428-300x225.jpeg 300w\" sizes=\"auto, (max-width: 480px) 100vw, 480px\" \/><\/p>\n<p>Die Dusche unter dem Wasserfall, ganz f\u00fcr uns Alleine. Der Lohn f\u00fcr die Dschungelwanderung.<\/p>\n<p><img loading=\"lazy\" decoding=\"async\" width=\"480\" height=\"360\" class=\"wp-image-1957\" src=\"http:\/\/www.loszapateros.de\/wp-content\/uploads\/2019\/04\/image-1429.jpeg\" alt=\"Image\" srcset=\"https:\/\/www.loszapateros.de\/wp-content\/uploads\/2019\/04\/image-1429.jpeg 480w, https:\/\/www.loszapateros.de\/wp-content\/uploads\/2019\/04\/image-1429-300x225.jpeg 300w\" sizes=\"auto, (max-width: 480px) 100vw, 480px\" \/><\/p>\n<p>Die Petronas Towers in Kuala Lumpur. Eine sehr sch\u00f6ne Stadt! Und nat\u00fcrlich das obligatorische Selbstportrait!<\/p>\n<p><img loading=\"lazy\" decoding=\"async\" width=\"480\" height=\"360\" class=\"wp-image-1958\" src=\"http:\/\/www.loszapateros.de\/wp-content\/uploads\/2019\/04\/image-1430.jpeg\" alt=\"Image\" srcset=\"https:\/\/www.loszapateros.de\/wp-content\/uploads\/2019\/04\/image-1430.jpeg 480w, https:\/\/www.loszapateros.de\/wp-content\/uploads\/2019\/04\/image-1430-300x225.jpeg 300w\" sizes=\"auto, (max-width: 480px) 100vw, 480px\" \/><\/p>\n<p>Coconut-Shake to go! Kuala Lumpur.<\/p>\n<p><img loading=\"lazy\" decoding=\"async\" width=\"480\" height=\"360\" class=\"wp-image-1959\" src=\"http:\/\/www.loszapateros.de\/wp-content\/uploads\/2019\/04\/image-1431.jpeg\" alt=\"Image\" srcset=\"https:\/\/www.loszapateros.de\/wp-content\/uploads\/2019\/04\/image-1431.jpeg 480w, https:\/\/www.loszapateros.de\/wp-content\/uploads\/2019\/04\/image-1431-300x225.jpeg 300w\" sizes=\"auto, (max-width: 480px) 100vw, 480px\" \/><\/p>\n<p>Sieht doch aus wie Fuhur, nur versteinert \ud83d\ude42<\/p>\n<p><img loading=\"lazy\" decoding=\"async\" width=\"480\" height=\"360\" class=\"wp-image-1960\" src=\"http:\/\/www.loszapateros.de\/wp-content\/uploads\/2019\/04\/image-1432.jpeg\" alt=\"Image\" srcset=\"https:\/\/www.loszapateros.de\/wp-content\/uploads\/2019\/04\/image-1432.jpeg 480w, https:\/\/www.loszapateros.de\/wp-content\/uploads\/2019\/04\/image-1432-300x225.jpeg 300w\" sizes=\"auto, (max-width: 480px) 100vw, 480px\" \/><\/p>\n<p>Natur-Sprungturm. Gigantisch!<\/td>\n<\/tr>\n<\/tbody>\n<\/table>\n<\/td>\n<\/tr>\n<\/tbody>\n<\/table>\n<\/td>\n<\/tr>\n<\/tbody>\n<\/table>\n","protected":false},"excerpt":{"rendered":"<p>Vorgeschichte\u00a0 \u00a0Vorherige Reisen Vorherige Reisen Vorherige Reisen Geschrieben von Administrator 16. Dezember 2010 um 14:29 Erste Individualreise-Erfahrungen machte ich 2002 als ich meine Schwester auf Ihrer Weltreise in Indonesien besuchte. Damals war das ein eher erschreckendes Erlebnis f\u00fcr mich. Aus seiner touristischen Urlaubswelt hinausgerissen in eine zumindest weniger touristische Welt.<a class=\"moretag\" href=\"https:\/\/www.loszapateros.de\/?page_id=1935\"> Weiterlesen<\/a><\/p>\n","protected":false},"author":1,"featured_media":0,"parent":0,"menu_order":0,"comment_status":"closed","ping_status":"closed","template":"","meta":{"footnotes":""},"class_list":["post-1935","page","type-page","status-publish","hentry"],"_links":{"self":[{"href":"https:\/\/www.loszapateros.de\/index.php?rest_route=\/wp\/v2\/pages\/1935","targetHints":{"allow":["GET"]}}],"collection":[{"href":"https:\/\/www.loszapateros.de\/index.php?rest_route=\/wp\/v2\/pages"}],"about":[{"href":"https:\/\/www.loszapateros.de\/index.php?rest_route=\/wp\/v2\/types\/page"}],"author":[{"embeddable":true,"href":"https:\/\/www.loszapateros.de\/index.php?rest_route=\/wp\/v2\/users\/1"}],"replies":[{"embeddable":true,"href":"https:\/\/www.loszapateros.de\/index.php?rest_route=%2Fwp%2Fv2%2Fcomments&post=1935"}],"version-history":[{"count":1,"href":"https:\/\/www.loszapateros.de\/index.php?rest_route=\/wp\/v2\/pages\/1935\/revisions"}],"predecessor-version":[{"id":1962,"href":"https:\/\/www.loszapateros.de\/index.php?rest_route=\/wp\/v2\/pages\/1935\/revisions\/1962"}],"wp:attachment":[{"href":"https:\/\/www.loszapateros.de\/index.php?rest_route=%2Fwp%2Fv2%2Fmedia&parent=1935"}],"curies":[{"name":"wp","href":"https:\/\/api.w.org\/{rel}","templated":true}]}}