{"id":2057,"date":"2019-05-07T16:31:52","date_gmt":"2019-05-07T14:31:52","guid":{"rendered":"http:\/\/www.loszapateros.de\/?page_id=2057"},"modified":"2019-05-21T12:22:20","modified_gmt":"2019-05-21T10:22:20","slug":"66-bereiste-laender","status":"publish","type":"page","link":"https:\/\/www.loszapateros.de\/?page_id=2057","title":{"rendered":"66 bereiste L\u00e4nder"},"content":{"rendered":"\n<figure class=\"wp-block-image\"><img decoding=\"async\" src=\"http:\/\/www.loszapateros.de\/wp-content\/uploads\/2019\/05\/amCharts-1-1024x439.jpg\" alt=\"\" class=\"wp-image-2059\"\/><\/figure>\n\n\n<p>Reisen ist unsere gr\u00f6\u00dfte Leidenschaft. Mit unseren Zwillingen macht es uns sogar noch mehr Spass. In den letzten 15 Jahren haben wir \u00fcber drei Jahre im Ausland verbracht. Auf dieser Webseite sind ein paar Ausz\u00fcge davon zu finden.<\/p>","protected":false},"excerpt":{"rendered":"<p>Reisen ist unsere gr\u00f6\u00dfte Leidenschaft. Mit unseren Zwillingen macht es uns sogar noch mehr Spass. In den letzten 15 Jahren haben wir \u00fcber drei Jahre im Ausland verbracht. Auf dieser Webseite sind ein paar Ausz\u00fcge davon zu finden.<\/p>\n","protected":false},"author":1,"featured_media":0,"parent":0,"menu_order":0,"comment_status":"closed","ping_status":"closed","template":"","meta":{"footnotes":""},"class_list":["post-2057","page","type-page","status-publish","hentry"],"_links":{"self":[{"href":"https:\/\/www.loszapateros.de\/index.php?rest_route=\/wp\/v2\/pages\/2057","targetHints":{"allow":["GET"]}}],"collection":[{"href":"https:\/\/www.loszapateros.de\/index.php?rest_route=\/wp\/v2\/pages"}],"about":[{"href":"https:\/\/www.loszapateros.de\/index.php?rest_route=\/wp\/v2\/types\/page"}],"author":[{"embeddable":true,"href":"https:\/\/www.loszapateros.de\/index.php?rest_route=\/wp\/v2\/users\/1"}],"replies":[{"embeddable":true,"href":"https:\/\/www.loszapateros.de\/index.php?rest_route=%2Fwp%2Fv2%2Fcomments&post=2057"}],"version-history":[{"count":3,"href":"https:\/\/www.loszapateros.de\/index.php?rest_route=\/wp\/v2\/pages\/2057\/revisions"}],"predecessor-version":[{"id":2323,"href":"https:\/\/www.loszapateros.de\/index.php?rest_route=\/wp\/v2\/pages\/2057\/revisions\/2323"}],"wp:attachment":[{"href":"https:\/\/www.loszapateros.de\/index.php?rest_route=%2Fwp%2Fv2%2Fmedia&parent=2057"}],"curies":[{"name":"wp","href":"https:\/\/api.w.org\/{rel}","templated":true}]}}