{"id":2497,"date":"2019-06-18T14:33:08","date_gmt":"2019-06-18T12:33:08","guid":{"rendered":"http:\/\/www.loszapateros.de\/?page_id=2497"},"modified":"2019-06-18T14:33:09","modified_gmt":"2019-06-18T12:33:09","slug":"neuseeland-fakten-und-kosten","status":"publish","type":"page","link":"https:\/\/www.loszapateros.de\/?page_id=2497","title":{"rendered":"Neuseeland &#8211; Fakten und Kosten"},"content":{"rendered":"<p><strong>Einreise:<\/strong><\/p>\n<p>Ein Visum ist nicht erforderlich und die Einreise ist kostenfrei. Auf gar keinen Fall sollte man jedoch den Fehler machen, den wir gemacht haben: Undeklariertes Essen im Gep\u00e4ck haben. Bei der Einreise muss alles angegeben werden oder am besten gar nichts mitbringen. Wir haben f\u00fcr einen Apfel, der sich im Handgep\u00e4ck versteckt hatte, 400 NZD Strafe bezahlt.<\/p>\n<p><strong>Camping:<\/strong><\/p>\n<p>Wir campen in der Regel immer wild, also ohne Campingplatz. In ganz Europa hat das f\u00fcr uns bisher wunderbar funktioniert. Aber so einfach wie in Neuseeland haben wir es noch nicht erlebt. Man schaut in der App \u201cCampermate\u201d nach einem passenden Platz und f\u00e4hrt dort zum \u00dcbernachten hin. Wichtig ist es einen Self-Contained Camper zu haben. Also mit Wasser- und Abwassertank und mindestens mit Porta-Potti. Denn die meisten Pl\u00e4tze lassen nur diese Fahrzeuge zu. Verst\u00f6\u00dfe werden mit mindestens 200 Neuseeland-Dollar-Nummer bestraft. Kontrolliert wird sehr stark!<\/p>\n<p>Etwa alle drei Tage, also jede dritte Nacht, sind wir auf einen Campingplatz gefahren, der dann im Schnitt etwa 40 Neuseeland-Dollar gekostet hat.<\/p>\n<p>In einem Monat haben wir so etwa 400 NZD f\u00fcr Camping ausgegeben, was nicht ganz 250 \u20ac entspricht.<\/p>\n<p><strong>Essen:<\/strong><\/p>\n<p>Essen gehen ist uns zu teuer, daher haben wir immer selber gekocht. Wir haben simpel gekocht wie zum Beispiel Nudeln aller Art, Quesadillas oder Kartoffeln in verschiedenen Variationen. Trotzdem haben wir fast jeden zweiten Tag fast 70 Dollar f\u00fcr Essen ausgegeben. Darin enthalten sind aber auch Windeln und etwas Babynahrung. Wir kommen auf etwa 600 \u20ac f\u00fcr Lebensmittel f\u00fcr einen Monat.<\/p>\n<p><strong>Eintritte:<\/strong><\/p>\n<p>F\u00fcr Schwimmbadbesuche, Thermalb\u00e4der, Nationalparks und dergleichen haben wir ungef\u00e4hr 300 \u20ac ausgegeben.<\/p>\n<p><strong>Autofahren:<\/strong><\/p>\n<p>Den Camper haben wir bei Jucy gemietet. Der hat f\u00fcr einen Monat etwa 600 \u20ac gekostet. Leider haben wir einen Kratzer in die Sto\u00dfstange gefahren und h\u00e4tten im Nachhinein lieber die extra Versicherung abgeschlossen, die noch mal so teuer wie der Camper selbst ist. Jeder Schaden \u00fcbersteigt das aber schnell und daher ist die zusatzversicherung eine \u00dcberlegung wert.<\/p>\n<p>Die Strecken auf der Nordinsel sind gr\u00f6\u00dftenteils schnell und einfach zu befahren. Alles in Neuseeland ist sehr l\u00e4ndlich.<\/p>\n<p>Auf der S\u00fcdinsel geht\u2019s dann deutlich langsamer voran. die Stra\u00dfen sind wesentlich kurviger und es wird deutlich bergiger.<\/p>\n<p>Der Camper hat etwa 14 Liter Super (91) auf 100 km gebraucht, obwohl wir sparsam und langsam gefahren sind. Der Liter Super-Benzin kostet in Neuseeland etwa 2.30 NZD, also etwa 1,36 \u20ac. Wir sind knapp 4000 km in einem Monat gefahren und kommen so auf Gesamtkosten f\u00fcr Benzin von nicht ganz 800 \u20ac.<\/p>\n<p><img loading=\"lazy\" decoding=\"async\" width=\"330\" height=\"433\" src=\"http:\/\/www.loszapateros.de\/wp-content\/uploads\/2019\/06\/word-image-1.png\" class=\"wp-image-2498\" srcset=\"https:\/\/www.loszapateros.de\/wp-content\/uploads\/2019\/06\/word-image-1.png 330w, https:\/\/www.loszapateros.de\/wp-content\/uploads\/2019\/06\/word-image-1-229x300.png 229w\" sizes=\"auto, (max-width: 330px) 100vw, 330px\" \/><\/p>\n<p><img loading=\"lazy\" decoding=\"async\" width=\"409\" height=\"412\" src=\"http:\/\/www.loszapateros.de\/wp-content\/uploads\/2019\/06\/word-image-2.png\" class=\"wp-image-2499\" srcset=\"https:\/\/www.loszapateros.de\/wp-content\/uploads\/2019\/06\/word-image-2.png 409w, https:\/\/www.loszapateros.de\/wp-content\/uploads\/2019\/06\/word-image-2-150x150.png 150w, https:\/\/www.loszapateros.de\/wp-content\/uploads\/2019\/06\/word-image-2-298x300.png 298w\" sizes=\"auto, (max-width: 409px) 100vw, 409px\" \/><\/p>\n","protected":false},"excerpt":{"rendered":"<p>Einreise: Ein Visum ist nicht erforderlich und die Einreise ist kostenfrei. Auf gar keinen Fall sollte man jedoch den Fehler machen, den wir gemacht haben: Undeklariertes Essen im Gep\u00e4ck haben. Bei der Einreise muss alles angegeben werden oder am besten gar nichts mitbringen. Wir haben f\u00fcr einen Apfel, der sich<a class=\"moretag\" href=\"https:\/\/www.loszapateros.de\/?page_id=2497\"> Weiterlesen<\/a><\/p>\n","protected":false},"author":1,"featured_media":0,"parent":0,"menu_order":0,"comment_status":"closed","ping_status":"closed","template":"","meta":{"footnotes":""},"class_list":["post-2497","page","type-page","status-publish","hentry"],"_links":{"self":[{"href":"https:\/\/www.loszapateros.de\/index.php?rest_route=\/wp\/v2\/pages\/2497","targetHints":{"allow":["GET"]}}],"collection":[{"href":"https:\/\/www.loszapateros.de\/index.php?rest_route=\/wp\/v2\/pages"}],"about":[{"href":"https:\/\/www.loszapateros.de\/index.php?rest_route=\/wp\/v2\/types\/page"}],"author":[{"embeddable":true,"href":"https:\/\/www.loszapateros.de\/index.php?rest_route=\/wp\/v2\/users\/1"}],"replies":[{"embeddable":true,"href":"https:\/\/www.loszapateros.de\/index.php?rest_route=%2Fwp%2Fv2%2Fcomments&post=2497"}],"version-history":[{"count":1,"href":"https:\/\/www.loszapateros.de\/index.php?rest_route=\/wp\/v2\/pages\/2497\/revisions"}],"predecessor-version":[{"id":2501,"href":"https:\/\/www.loszapateros.de\/index.php?rest_route=\/wp\/v2\/pages\/2497\/revisions\/2501"}],"wp:attachment":[{"href":"https:\/\/www.loszapateros.de\/index.php?rest_route=%2Fwp%2Fv2%2Fmedia&parent=2497"}],"curies":[{"name":"wp","href":"https:\/\/api.w.org\/{rel}","templated":true}]}}