{"id":485,"date":"2019-04-23T10:23:55","date_gmt":"2019-04-23T08:23:55","guid":{"rendered":"http:\/\/www.loszapateros.de\/?page_id=485"},"modified":"2019-04-23T10:23:55","modified_gmt":"2019-04-23T08:23:55","slug":"04-kanada-calgary-banff-bis-dawson-creek","status":"publish","type":"page","link":"https:\/\/www.loszapateros.de\/?page_id=485","title":{"rendered":"04 Kanada &#8211; Calgary, Banff bis Dawson Creek"},"content":{"rendered":"<p>Transamerika-Reise\u00a0 <img loading=\"lazy\" decoding=\"async\" width=\"9\" height=\"9\" class=\"wp-image-486\" src=\"http:\/\/www.loszapateros.de\/wp-content\/uploads\/2019\/04\/arrow-8.png\" alt=\"arrow\" \/> \u00a0Kanada\u00a0 <img loading=\"lazy\" decoding=\"async\" width=\"9\" height=\"9\" class=\"wp-image-487\" src=\"http:\/\/www.loszapateros.de\/wp-content\/uploads\/2019\/04\/arrow-9.png\" alt=\"arrow\" \/> \u00a0Kanada &#8211; Calgary, Banff bis Dawson Creek<\/p>\n<table>\n<tbody>\n<tr>\n<td>\n<table>\n<tbody>\n<tr>\n<td>Kanada &#8211; Calgary, Banff bis Dawson Creek<\/td>\n<\/tr>\n<\/tbody>\n<\/table>\n<table>\n<tbody>\n<tr>\n<td>Geschrieben von Administrator<\/td>\n<\/tr>\n<tr>\n<td>22. August 2011 um 21:59<\/td>\n<\/tr>\n<tr>\n<td><strong>Dienstag, 16.08.2011<\/strong><\/p>\n<p>Die Rockies liegen vor uns:<br \/>\n<img loading=\"lazy\" decoding=\"async\" width=\"480\" height=\"321\" class=\"wp-image-488\" src=\"http:\/\/www.loszapateros.de\/wp-content\/uploads\/2019\/04\/image-171.jpeg\" alt=\"Image\" srcset=\"https:\/\/www.loszapateros.de\/wp-content\/uploads\/2019\/04\/image-171.jpeg 480w, https:\/\/www.loszapateros.de\/wp-content\/uploads\/2019\/04\/image-171-300x201.jpeg 300w\" sizes=\"auto, (max-width: 480px) 100vw, 480px\" \/> DSC_0787<\/p>\n<p>F\u00fcr 21,50$ haben wir die Nacht auf einem Campingplatz im Banff Nationalpark verbracht. Gegen 13 Uhr starten wir zum Mount Rundle Trail. Das Tal liegt auf 1300 Metern, wir steigen bis auf 2350 Meter. Weitere 700 H\u00f6henmeter trennen uns vom Gipfel, aber uns Langschl\u00e4fern rennt die Zeit davon und wir m\u00fcssen umkehren. Gelohnt hat es sich trotzdem:<br \/>\n<img loading=\"lazy\" decoding=\"async\" width=\"480\" height=\"321\" class=\"wp-image-489\" src=\"http:\/\/www.loszapateros.de\/wp-content\/uploads\/2019\/04\/image-172.jpeg\" alt=\"Image\" srcset=\"https:\/\/www.loszapateros.de\/wp-content\/uploads\/2019\/04\/image-172.jpeg 480w, https:\/\/www.loszapateros.de\/wp-content\/uploads\/2019\/04\/image-172-300x201.jpeg 300w\" sizes=\"auto, (max-width: 480px) 100vw, 480px\" \/> DSC_0801<\/p>\n<p>Ausserdem sehen wir Rehe aus n\u00e4chster N\u00e4he:<br \/>\n<img loading=\"lazy\" decoding=\"async\" width=\"480\" height=\"321\" class=\"wp-image-490\" src=\"http:\/\/www.loszapateros.de\/wp-content\/uploads\/2019\/04\/image-173.jpeg\" alt=\"Image\" srcset=\"https:\/\/www.loszapateros.de\/wp-content\/uploads\/2019\/04\/image-173.jpeg 480w, https:\/\/www.loszapateros.de\/wp-content\/uploads\/2019\/04\/image-173-300x201.jpeg 300w\" sizes=\"auto, (max-width: 480px) 100vw, 480px\" \/> DSC_0784<\/p>\n<p>Am Abend besuchen wir die Hot Springs in Banff<br \/>\n<img loading=\"lazy\" decoding=\"async\" width=\"480\" height=\"720\" class=\"wp-image-491\" src=\"http:\/\/www.loszapateros.de\/wp-content\/uploads\/2019\/04\/image-174.jpeg\" alt=\"Image\" srcset=\"https:\/\/www.loszapateros.de\/wp-content\/uploads\/2019\/04\/image-174.jpeg 480w, https:\/\/www.loszapateros.de\/wp-content\/uploads\/2019\/04\/image-174-200x300.jpeg 200w\" sizes=\"auto, (max-width: 480px) 100vw, 480px\" \/> BILD_Banff43<\/p>\n<p>Wir \u00fcbernachten auf einem Parkplatz im Auto, ohne das Dach aufzuklappen, da es nachts um die 0\u00b0c kalt wird und wir uns nicht direkt zu erkennen geben wollen.<\/p>\n<p><strong>Mittwoch, 17.08.2011<\/strong><\/p>\n<p>Es geht weiter zum Lake Louise. Auf dem Parkplatz machen wir eine seltene Beobachtung, wie wir sp\u00e4ter lesen. Der Kiefernh\u00e4her ist auch f\u00fcr Ornithologen ein Highlight (vgl.: Reisef\u00fchrer West-Kanada im Gaia Verlag). Wir sind zwar nicht ganz so von den Socken, aber sch\u00f6n ist er trotzdem \ud83d\ude42<br \/>\n<img loading=\"lazy\" decoding=\"async\" width=\"480\" height=\"321\" class=\"wp-image-492\" src=\"http:\/\/www.loszapateros.de\/wp-content\/uploads\/2019\/04\/image-175.jpeg\" alt=\"Image\" srcset=\"https:\/\/www.loszapateros.de\/wp-content\/uploads\/2019\/04\/image-175.jpeg 480w, https:\/\/www.loszapateros.de\/wp-content\/uploads\/2019\/04\/image-175-300x201.jpeg 300w\" sizes=\"auto, (max-width: 480px) 100vw, 480px\" \/> DSC_0824<\/p>\n<p>Der See ist wundersch\u00f6n, doch trotz Vorwarnung sind wir \u00fcberrascht wieviele Touristen sich dort tummeln:<br \/>\n<img loading=\"lazy\" decoding=\"async\" width=\"480\" height=\"321\" class=\"wp-image-493\" src=\"http:\/\/www.loszapateros.de\/wp-content\/uploads\/2019\/04\/image-176.jpeg\" alt=\"Image\" srcset=\"https:\/\/www.loszapateros.de\/wp-content\/uploads\/2019\/04\/image-176.jpeg 480w, https:\/\/www.loszapateros.de\/wp-content\/uploads\/2019\/04\/image-176-300x201.jpeg 300w\" sizes=\"auto, (max-width: 480px) 100vw, 480px\" \/> DSC_0833<\/p>\n<p>Wir beschlie\u00dfen den Wander-Highway um den See nicht zu benutzen und fahren weiter zum Emerald Lake im Yoho Nationalpark in British Columbia. Hier gibt es nur eine Handvoll Touristen. Nachdem wir Nudeln mit Tomatenso\u00dfe gekocht haben wandern wir um den See herum. Er ist unglaublich t\u00fcrkis:<br \/>\n<img loading=\"lazy\" decoding=\"async\" width=\"480\" height=\"321\" class=\"wp-image-494\" src=\"http:\/\/www.loszapateros.de\/wp-content\/uploads\/2019\/04\/image-177.jpeg\" alt=\"Image\" srcset=\"https:\/\/www.loszapateros.de\/wp-content\/uploads\/2019\/04\/image-177.jpeg 480w, https:\/\/www.loszapateros.de\/wp-content\/uploads\/2019\/04\/image-177-300x201.jpeg 300w\" sizes=\"auto, (max-width: 480px) 100vw, 480px\" \/> DSC_0839<br \/>\n<img loading=\"lazy\" decoding=\"async\" width=\"480\" height=\"717\" class=\"wp-image-495\" src=\"http:\/\/www.loszapateros.de\/wp-content\/uploads\/2019\/04\/image-178.jpeg\" alt=\"Image\" srcset=\"https:\/\/www.loszapateros.de\/wp-content\/uploads\/2019\/04\/image-178.jpeg 480w, https:\/\/www.loszapateros.de\/wp-content\/uploads\/2019\/04\/image-178-201x300.jpeg 201w\" sizes=\"auto, (max-width: 480px) 100vw, 480px\" \/> DSC_0886<br \/>\n<img loading=\"lazy\" decoding=\"async\" width=\"480\" height=\"717\" class=\"wp-image-496\" src=\"http:\/\/www.loszapateros.de\/wp-content\/uploads\/2019\/04\/image-179.jpeg\" alt=\"Image\" srcset=\"https:\/\/www.loszapateros.de\/wp-content\/uploads\/2019\/04\/image-179.jpeg 480w, https:\/\/www.loszapateros.de\/wp-content\/uploads\/2019\/04\/image-179-201x300.jpeg 201w\" sizes=\"auto, (max-width: 480px) 100vw, 480px\" \/> DSC_0889<\/p>\n<p>Am Abend fahren wir weiter zu unserem Ausgangspunkt f\u00fcr den n\u00e4chsten Tag, dem Bow Glacier, und \u00fcbernachten dort wieder unten im Auto vor einer Lodge.<\/p>\n<p><strong><br \/>\nDonnerstag, 18.08.2011<\/strong><\/p>\n<p>Wir stehen &#8211; f\u00fcr unsere Verh\u00e4ltnisse &#8211; fr\u00fch auf (8.15 Uhr) und fr\u00fchst\u00fccken im Auto. Anschlie\u00dfend laufen wir den Weg zu den Glacier Falls. Der Weg erscheint eben und Langweilig, aber der See ist sehr sch\u00f6n:<br \/>\n<img loading=\"lazy\" decoding=\"async\" width=\"480\" height=\"321\" class=\"wp-image-497\" src=\"http:\/\/www.loszapateros.de\/wp-content\/uploads\/2019\/04\/image-180.jpeg\" alt=\"Image\" srcset=\"https:\/\/www.loszapateros.de\/wp-content\/uploads\/2019\/04\/image-180.jpeg 480w, https:\/\/www.loszapateros.de\/wp-content\/uploads\/2019\/04\/image-180-300x201.jpeg 300w\" sizes=\"auto, (max-width: 480px) 100vw, 480px\" \/> DSC_0896<\/p>\n<p>Nach einer dreiviertel Stunde gelangen wir zu einer Flussenge, die wohl den sch\u00f6nsten Punkt der Wanderung f\u00fcr die meisten darstellt:<br \/>\n<img loading=\"lazy\" decoding=\"async\" width=\"480\" height=\"717\" class=\"wp-image-498\" src=\"http:\/\/www.loszapateros.de\/wp-content\/uploads\/2019\/04\/image-181.jpeg\" alt=\"Image\" srcset=\"https:\/\/www.loszapateros.de\/wp-content\/uploads\/2019\/04\/image-181.jpeg 480w, https:\/\/www.loszapateros.de\/wp-content\/uploads\/2019\/04\/image-181-201x300.jpeg 201w\" sizes=\"auto, (max-width: 480px) 100vw, 480px\" \/> DSC_0913<\/p>\n<p>Denn die Wasserf\u00e4lle an sich sind nicht so sch\u00f6n, sie liegen in einem steinigen, tristen Tal:<br \/>\n<img loading=\"lazy\" decoding=\"async\" width=\"480\" height=\"321\" class=\"wp-image-499\" src=\"http:\/\/www.loszapateros.de\/wp-content\/uploads\/2019\/04\/image-182.jpeg\" alt=\"Image\" srcset=\"https:\/\/www.loszapateros.de\/wp-content\/uploads\/2019\/04\/image-182.jpeg 480w, https:\/\/www.loszapateros.de\/wp-content\/uploads\/2019\/04\/image-182-300x201.jpeg 300w\" sizes=\"auto, (max-width: 480px) 100vw, 480px\" \/> DSC_0921<\/p>\n<p>Der offizielle Trail endet hier. Wir aber wollen zu dem See, aus dem der Wasserfall entspringt und versuchen es durch einen am Berg gelegenen Wald:<br \/>\n<img loading=\"lazy\" decoding=\"async\" width=\"480\" height=\"321\" class=\"wp-image-500\" src=\"http:\/\/www.loszapateros.de\/wp-content\/uploads\/2019\/04\/image-183.jpeg\" alt=\"Image\" srcset=\"https:\/\/www.loszapateros.de\/wp-content\/uploads\/2019\/04\/image-183.jpeg 480w, https:\/\/www.loszapateros.de\/wp-content\/uploads\/2019\/04\/image-183-300x201.jpeg 300w\" sizes=\"auto, (max-width: 480px) 100vw, 480px\" \/> DSC_0925<\/p>\n<p>Wir haben Gl\u00fcck und finden einen inoffiziellen Trail. So kommen wir fast bis ganz nach oben:<br \/>\n<img loading=\"lazy\" decoding=\"async\" width=\"480\" height=\"321\" class=\"wp-image-501\" src=\"http:\/\/www.loszapateros.de\/wp-content\/uploads\/2019\/04\/image-184.jpeg\" alt=\"Image\" srcset=\"https:\/\/www.loszapateros.de\/wp-content\/uploads\/2019\/04\/image-184.jpeg 480w, https:\/\/www.loszapateros.de\/wp-content\/uploads\/2019\/04\/image-184-300x201.jpeg 300w\" sizes=\"auto, (max-width: 480px) 100vw, 480px\" \/> DSC_0941<\/p>\n<p>Das letzte St\u00fcck m\u00fcssen wir \u00fcber einen gigantischen Ger\u00f6llberg klettern, der doch deutlich steiler ist als es auf den Bildern aussieht:<br \/>\n<img loading=\"lazy\" decoding=\"async\" width=\"480\" height=\"321\" class=\"wp-image-502\" src=\"http:\/\/www.loszapateros.de\/wp-content\/uploads\/2019\/04\/image-185.jpeg\" alt=\"Image\" srcset=\"https:\/\/www.loszapateros.de\/wp-content\/uploads\/2019\/04\/image-185.jpeg 480w, https:\/\/www.loszapateros.de\/wp-content\/uploads\/2019\/04\/image-185-300x201.jpeg 300w\" sizes=\"auto, (max-width: 480px) 100vw, 480px\" \/> DSC_0968<br \/>\n<img loading=\"lazy\" decoding=\"async\" width=\"480\" height=\"321\" class=\"wp-image-503\" src=\"http:\/\/www.loszapateros.de\/wp-content\/uploads\/2019\/04\/image-186.jpeg\" alt=\"Image\" srcset=\"https:\/\/www.loszapateros.de\/wp-content\/uploads\/2019\/04\/image-186.jpeg 480w, https:\/\/www.loszapateros.de\/wp-content\/uploads\/2019\/04\/image-186-300x201.jpeg 300w\" sizes=\"auto, (max-width: 480px) 100vw, 480px\" \/> DSC_0967<\/p>\n<p>Aber der Aufstieg hat sich gelohnt. Wir sitzen direkt am Gletscher und dem wundersch\u00f6n blauen und einsamen Gebirgssee:<br \/>\n<img loading=\"lazy\" decoding=\"async\" width=\"480\" height=\"321\" class=\"wp-image-504\" src=\"http:\/\/www.loszapateros.de\/wp-content\/uploads\/2019\/04\/image-187.jpeg\" alt=\"Image\" srcset=\"https:\/\/www.loszapateros.de\/wp-content\/uploads\/2019\/04\/image-187.jpeg 480w, https:\/\/www.loszapateros.de\/wp-content\/uploads\/2019\/04\/image-187-300x201.jpeg 300w\" sizes=\"auto, (max-width: 480px) 100vw, 480px\" \/> DSC_0947<br \/>\n<img loading=\"lazy\" decoding=\"async\" width=\"480\" height=\"321\" class=\"wp-image-505\" src=\"http:\/\/www.loszapateros.de\/wp-content\/uploads\/2019\/04\/image-188.jpeg\" alt=\"Image\" srcset=\"https:\/\/www.loszapateros.de\/wp-content\/uploads\/2019\/04\/image-188.jpeg 480w, https:\/\/www.loszapateros.de\/wp-content\/uploads\/2019\/04\/image-188-300x201.jpeg 300w\" sizes=\"auto, (max-width: 480px) 100vw, 480px\" \/> DSC_0943<\/p>\n<p>Beim Abstieg st\u00f6ren wir diesen Chipmunk beim verstecken seiner N\u00fcsse \ud83d\ude42 :<br \/>\n<img loading=\"lazy\" decoding=\"async\" width=\"480\" height=\"321\" class=\"wp-image-506\" src=\"http:\/\/www.loszapateros.de\/wp-content\/uploads\/2019\/04\/image-189.jpeg\" alt=\"Image\" srcset=\"https:\/\/www.loszapateros.de\/wp-content\/uploads\/2019\/04\/image-189.jpeg 480w, https:\/\/www.loszapateros.de\/wp-content\/uploads\/2019\/04\/image-189-300x201.jpeg 300w\" sizes=\"auto, (max-width: 480px) 100vw, 480px\" \/> DSC_0981<\/p>\n<p>Nach dieser Anstrengung geht&#8217;s weiter Richtung Norden zum Jasper Nationalpark. Auf dem Weg sehen wir einen Wapiti-Hirsch:<br \/>\n<img loading=\"lazy\" decoding=\"async\" width=\"480\" height=\"321\" class=\"wp-image-507\" src=\"http:\/\/www.loszapateros.de\/wp-content\/uploads\/2019\/04\/image-190.jpeg\" alt=\"Image\" srcset=\"https:\/\/www.loszapateros.de\/wp-content\/uploads\/2019\/04\/image-190.jpeg 480w, https:\/\/www.loszapateros.de\/wp-content\/uploads\/2019\/04\/image-190-300x201.jpeg 300w\" sizes=\"auto, (max-width: 480px) 100vw, 480px\" \/> DSC_0990<\/p>\n<p>F\u00fcr den n\u00e4chsten Tag wollen wir uns ein Guesthouse g\u00f6nnen. Mit Shared-Bathroom&#8230; Kann ja nicht so teuer sein denken wir uns. Doch die verlangen ernsthaft 85$&#8230; nicht f\u00fcr die Woche, nein! F\u00fcr eine Nacht!!! Da machen wir auf der Stelle kehrt und gehen Lebensmittel kaufen. Da wird&#8217;s nicht besser! Beispielsweise:<br \/>\n1 Wassermelone 18,99$<br \/>\n1 Liter Salat\u00f6l 5,99$<br \/>\n1 kleiner Becher Joghurt 2,99$<br \/>\n1 Packung Cornflakes 350g 6,00$<\/p>\n<p>Wir kaufen das N\u00f6tigste und ziehen frustriert ab. Zur Aufmunterung fahren wir 50 km zu den Miette Hot Springs und erholen (und waschen) uns im 40\u00b0c warmen Wasser. Wir \u00fcbernachten anschlie\u00dfend auf einem Rastplatz im Nationalpark.<\/p>\n<p><strong>Freitag 19.08.2011<\/strong><\/p>\n<p>Zur\u00fcck geht&#8217;s nach Jasper. Man muss hier immer mit Wildwechsel rechnen:<br \/>\n<img loading=\"lazy\" decoding=\"async\" width=\"480\" height=\"321\" class=\"wp-image-508\" src=\"http:\/\/www.loszapateros.de\/wp-content\/uploads\/2019\/04\/image-191.jpeg\" alt=\"Image\" srcset=\"https:\/\/www.loszapateros.de\/wp-content\/uploads\/2019\/04\/image-191.jpeg 480w, https:\/\/www.loszapateros.de\/wp-content\/uploads\/2019\/04\/image-191-300x201.jpeg 300w\" sizes=\"auto, (max-width: 480px) 100vw, 480px\" \/> DSC_1010<br \/>\n<img loading=\"lazy\" decoding=\"async\" width=\"480\" height=\"321\" class=\"wp-image-509\" src=\"http:\/\/www.loszapateros.de\/wp-content\/uploads\/2019\/04\/image-192.jpeg\" alt=\"Image\" srcset=\"https:\/\/www.loszapateros.de\/wp-content\/uploads\/2019\/04\/image-192.jpeg 480w, https:\/\/www.loszapateros.de\/wp-content\/uploads\/2019\/04\/image-192-300x201.jpeg 300w\" sizes=\"auto, (max-width: 480px) 100vw, 480px\" \/> DSC_1021<\/p>\n<p>Der W\u00e4schesack ist voll. In Jasper suchen wir einen Waschsalon auf und waschen f\u00fcr ca 7$:<br \/>\n<img loading=\"lazy\" decoding=\"async\" width=\"480\" height=\"321\" class=\"wp-image-510\" src=\"http:\/\/www.loszapateros.de\/wp-content\/uploads\/2019\/04\/image-193.jpeg\" alt=\"Image\" srcset=\"https:\/\/www.loszapateros.de\/wp-content\/uploads\/2019\/04\/image-193.jpeg 480w, https:\/\/www.loszapateros.de\/wp-content\/uploads\/2019\/04\/image-193-300x201.jpeg 300w\" sizes=\"auto, (max-width: 480px) 100vw, 480px\" \/> DSC_1016<\/p>\n<p>Am Mittag machen wir eine Videokonferenz mit unseren Freunden in Deutschland anl\u00e4sslich eines Geburtstages. Abends suchen wir uns einen Campingplatz f\u00fcr 27,50$ inklusive Duschen.<\/p>\n<p><strong>Samstag 20.08.2011<\/strong><\/p>\n<p>Die bezahlte Dusche wird gr\u00fcndlich ausgenutzt. Anschlie\u00dfend fahren wir weiter nach Prince George. Die Stadt gef\u00e4llt uns nicht sehr. Manche St\u00e4dte laden einfach nicht zum Verweilen ein! Wir fahren weiter und entdecken 20 km n\u00f6rdlich am Highway 97 ein Schild: &#8222;Goodsir Nature Park &#8211; camping by donation&#8220;. Das wollen wir uns anschauen. Ein Mann hat hier ein wahres Kunstwerk erschaffen. Auf seinem 650.000 Quadratmeter gro\u00dfen Grundst\u00fcck errichtete Jim Good einen Naturpark voll mit botanischen Wissen, bei dem selbst Biologen ins Staunen geraten m\u00fcssen. Er finanziert alles aus eigener Tasche als Hobby und mithilfe von Spenden. Wir sind hochfasziniert von diesem wundersch\u00f6nen Ort und bleiben:<br \/>\n<img loading=\"lazy\" decoding=\"async\" width=\"480\" height=\"321\" class=\"wp-image-511\" src=\"http:\/\/www.loszapateros.de\/wp-content\/uploads\/2019\/04\/image-194.jpeg\" alt=\"Image\" srcset=\"https:\/\/www.loszapateros.de\/wp-content\/uploads\/2019\/04\/image-194.jpeg 480w, https:\/\/www.loszapateros.de\/wp-content\/uploads\/2019\/04\/image-194-300x201.jpeg 300w\" sizes=\"auto, (max-width: 480px) 100vw, 480px\" \/> DSC_1030<br \/>\n<img loading=\"lazy\" decoding=\"async\" width=\"480\" height=\"321\" class=\"wp-image-512\" src=\"http:\/\/www.loszapateros.de\/wp-content\/uploads\/2019\/04\/image-195.jpeg\" alt=\"Image\" srcset=\"https:\/\/www.loszapateros.de\/wp-content\/uploads\/2019\/04\/image-195.jpeg 480w, https:\/\/www.loszapateros.de\/wp-content\/uploads\/2019\/04\/image-195-300x201.jpeg 300w\" sizes=\"auto, (max-width: 480px) 100vw, 480px\" \/> DSC_1031<br \/>\n<img loading=\"lazy\" decoding=\"async\" width=\"480\" height=\"321\" class=\"wp-image-513\" src=\"http:\/\/www.loszapateros.de\/wp-content\/uploads\/2019\/04\/image-196.jpeg\" alt=\"Image\" srcset=\"https:\/\/www.loszapateros.de\/wp-content\/uploads\/2019\/04\/image-196.jpeg 480w, https:\/\/www.loszapateros.de\/wp-content\/uploads\/2019\/04\/image-196-300x201.jpeg 300w\" sizes=\"auto, (max-width: 480px) 100vw, 480px\" \/> DSC_1032<br \/>\n<img loading=\"lazy\" decoding=\"async\" width=\"480\" height=\"321\" class=\"wp-image-514\" src=\"http:\/\/www.loszapateros.de\/wp-content\/uploads\/2019\/04\/image-197.jpeg\" alt=\"Image\" srcset=\"https:\/\/www.loszapateros.de\/wp-content\/uploads\/2019\/04\/image-197.jpeg 480w, https:\/\/www.loszapateros.de\/wp-content\/uploads\/2019\/04\/image-197-300x201.jpeg 300w\" sizes=\"auto, (max-width: 480px) 100vw, 480px\" \/> DSC_1036<\/p>\n<p>Es gibt einen wundervollen aktiven Biberteich in diesem Park:<br \/>\n<img loading=\"lazy\" decoding=\"async\" width=\"480\" height=\"321\" class=\"wp-image-515\" src=\"http:\/\/www.loszapateros.de\/wp-content\/uploads\/2019\/04\/image-198.jpeg\" alt=\"Image\" srcset=\"https:\/\/www.loszapateros.de\/wp-content\/uploads\/2019\/04\/image-198.jpeg 480w, https:\/\/www.loszapateros.de\/wp-content\/uploads\/2019\/04\/image-198-300x201.jpeg 300w\" sizes=\"auto, (max-width: 480px) 100vw, 480px\" \/> DSC_1048<\/p>\n<p>Einen botanischen Garten:<br \/>\n<img loading=\"lazy\" decoding=\"async\" width=\"480\" height=\"321\" class=\"wp-image-516\" src=\"http:\/\/www.loszapateros.de\/wp-content\/uploads\/2019\/04\/image-199.jpeg\" alt=\"Image\" srcset=\"https:\/\/www.loszapateros.de\/wp-content\/uploads\/2019\/04\/image-199.jpeg 480w, https:\/\/www.loszapateros.de\/wp-content\/uploads\/2019\/04\/image-199-300x201.jpeg 300w\" sizes=\"auto, (max-width: 480px) 100vw, 480px\" \/> DSC_1061<\/p>\n<p>B\u00e4renspuren an den B\u00e4umen mit Erkl\u00e4rung:<br \/>\n<img loading=\"lazy\" decoding=\"async\" width=\"480\" height=\"321\" class=\"wp-image-517\" src=\"http:\/\/www.loszapateros.de\/wp-content\/uploads\/2019\/04\/image-200.jpeg\" alt=\"Image\" srcset=\"https:\/\/www.loszapateros.de\/wp-content\/uploads\/2019\/04\/image-200.jpeg 480w, https:\/\/www.loszapateros.de\/wp-content\/uploads\/2019\/04\/image-200-300x201.jpeg 300w\" sizes=\"auto, (max-width: 480px) 100vw, 480px\" \/> DSC_1060<\/p>\n<p>Leider ist Jim nicht zuhause, wir lernen ihn daher nicht kennen.<br \/>\nJeder der in British Columbia unterwegs ist sollte diesen Park besuchen:<br \/>\n<strong><br \/>\nGoodsir Nature Park<br \/>\n22825 Old Summit Lake Road North<br \/>\nPrince George, British-Columbia<br \/>\n54\u00b008&#8217;00,53&#8243;N\u00a0 122\u00b038&#8217;52,56&#8243;W<\/strong><br \/>\n<img loading=\"lazy\" decoding=\"async\" width=\"480\" height=\"321\" class=\"wp-image-518\" src=\"http:\/\/www.loszapateros.de\/wp-content\/uploads\/2019\/04\/image-201.jpeg\" alt=\"Image\" srcset=\"https:\/\/www.loszapateros.de\/wp-content\/uploads\/2019\/04\/image-201.jpeg 480w, https:\/\/www.loszapateros.de\/wp-content\/uploads\/2019\/04\/image-201-300x201.jpeg 300w\" sizes=\"auto, (max-width: 480px) 100vw, 480px\" \/> DSC_1029<\/p>\n<p><strong><br \/>\nSonntag 21.08.2011<\/strong><\/p>\n<p>Es geht weiter in den Norden nach Dawson Creek, um unserem ersten Ziel Alaska n\u00e4her zu kommen. Wieder einmal entdecken wir eine Schwarzb\u00e4ren-Familie am Stra\u00dfenrand. Wir halten an:<br \/>\n<img loading=\"lazy\" decoding=\"async\" width=\"480\" height=\"321\" class=\"wp-image-519\" src=\"http:\/\/www.loszapateros.de\/wp-content\/uploads\/2019\/04\/image-202.jpeg\" alt=\"Image\" srcset=\"https:\/\/www.loszapateros.de\/wp-content\/uploads\/2019\/04\/image-202.jpeg 480w, https:\/\/www.loszapateros.de\/wp-content\/uploads\/2019\/04\/image-202-300x201.jpeg 300w\" sizes=\"auto, (max-width: 480px) 100vw, 480px\" \/> DSC_1078<\/p>\n<p>Und es gelingt uns Bilder von den B\u00e4ren zu schie\u00dfen:<br \/>\n<img loading=\"lazy\" decoding=\"async\" width=\"480\" height=\"321\" class=\"wp-image-520\" src=\"http:\/\/www.loszapateros.de\/wp-content\/uploads\/2019\/04\/image-203.jpeg\" alt=\"Image\" srcset=\"https:\/\/www.loszapateros.de\/wp-content\/uploads\/2019\/04\/image-203.jpeg 480w, https:\/\/www.loszapateros.de\/wp-content\/uploads\/2019\/04\/image-203-300x201.jpeg 300w\" sizes=\"auto, (max-width: 480px) 100vw, 480px\" \/> DSC_1072<br \/>\n<img loading=\"lazy\" decoding=\"async\" width=\"480\" height=\"321\" class=\"wp-image-521\" src=\"http:\/\/www.loszapateros.de\/wp-content\/uploads\/2019\/04\/image-204.jpeg\" alt=\"Image\" srcset=\"https:\/\/www.loszapateros.de\/wp-content\/uploads\/2019\/04\/image-204.jpeg 480w, https:\/\/www.loszapateros.de\/wp-content\/uploads\/2019\/04\/image-204-300x201.jpeg 300w\" sizes=\"auto, (max-width: 480px) 100vw, 480px\" \/> DSC_1073<\/td>\n<\/tr>\n<tr>\n<td>Zuletzt \u00fcberarbeitet ( 22. August 2011 um 22:11 )<\/td>\n<\/tr>\n<\/tbody>\n<\/table>\n<\/td>\n<\/tr>\n<\/tbody>\n<\/table>\n","protected":false},"excerpt":{"rendered":"<p>Transamerika-Reise\u00a0 \u00a0Kanada\u00a0 \u00a0Kanada &#8211; Calgary, Banff bis Dawson Creek Kanada &#8211; Calgary, Banff bis Dawson Creek Geschrieben von Administrator 22. August 2011 um 21:59 Dienstag, 16.08.2011 Die Rockies liegen vor uns: DSC_0787 F\u00fcr 21,50$ haben wir die Nacht auf einem Campingplatz im Banff Nationalpark verbracht. Gegen 13 Uhr starten wir<a class=\"moretag\" href=\"https:\/\/www.loszapateros.de\/?page_id=485\"> Weiterlesen<\/a><\/p>\n","protected":false},"author":1,"featured_media":0,"parent":0,"menu_order":0,"comment_status":"closed","ping_status":"closed","template":"","meta":{"footnotes":""},"class_list":["post-485","page","type-page","status-publish","hentry"],"_links":{"self":[{"href":"https:\/\/www.loszapateros.de\/index.php?rest_route=\/wp\/v2\/pages\/485","targetHints":{"allow":["GET"]}}],"collection":[{"href":"https:\/\/www.loszapateros.de\/index.php?rest_route=\/wp\/v2\/pages"}],"about":[{"href":"https:\/\/www.loszapateros.de\/index.php?rest_route=\/wp\/v2\/types\/page"}],"author":[{"embeddable":true,"href":"https:\/\/www.loszapateros.de\/index.php?rest_route=\/wp\/v2\/users\/1"}],"replies":[{"embeddable":true,"href":"https:\/\/www.loszapateros.de\/index.php?rest_route=%2Fwp%2Fv2%2Fcomments&post=485"}],"version-history":[{"count":1,"href":"https:\/\/www.loszapateros.de\/index.php?rest_route=\/wp\/v2\/pages\/485\/revisions"}],"predecessor-version":[{"id":523,"href":"https:\/\/www.loszapateros.de\/index.php?rest_route=\/wp\/v2\/pages\/485\/revisions\/523"}],"wp:attachment":[{"href":"https:\/\/www.loszapateros.de\/index.php?rest_route=%2Fwp%2Fv2%2Fmedia&parent=485"}],"curies":[{"name":"wp","href":"https:\/\/api.w.org\/{rel}","templated":true}]}}