{"id":613,"date":"2019-04-23T10:33:23","date_gmt":"2019-04-23T08:33:23","guid":{"rendered":"http:\/\/www.loszapateros.de\/?page_id=613"},"modified":"2019-04-23T10:33:23","modified_gmt":"2019-04-23T08:33:23","slug":"06-usa-alaska","status":"publish","type":"page","link":"https:\/\/www.loszapateros.de\/?page_id=613","title":{"rendered":"06 USA &#8211; Alaska"},"content":{"rendered":"<p>Transamerika-Reise\u00a0 <img loading=\"lazy\" decoding=\"async\" width=\"9\" height=\"9\" class=\"wp-image-614\" src=\"http:\/\/www.loszapateros.de\/wp-content\/uploads\/2019\/04\/arrow-14.png\" alt=\"arrow\" \/> \u00a0USA\u00a0 <img loading=\"lazy\" decoding=\"async\" width=\"9\" height=\"9\" class=\"wp-image-615\" src=\"http:\/\/www.loszapateros.de\/wp-content\/uploads\/2019\/04\/arrow-15.png\" alt=\"arrow\" \/> \u00a0USA &#8211; Alaska<\/p>\n<table>\n<tbody>\n<tr>\n<td>\n<table>\n<tbody>\n<tr>\n<td>USA &#8211; Alaska<\/td>\n<\/tr>\n<\/tbody>\n<\/table>\n<table>\n<tbody>\n<tr>\n<td>Geschrieben von Administrator<\/td>\n<\/tr>\n<tr>\n<td>12. September 2011 um 23:42<\/td>\n<\/tr>\n<tr>\n<td>\nReisebericht Alaska<\/p>\n<p><strong>Montag, 29.08.2011<\/strong><\/p>\n<p>Alaska begr\u00fc\u00dft uns:<br \/>\n<img loading=\"lazy\" decoding=\"async\" width=\"480\" height=\"321\" class=\"wp-image-616\" src=\"http:\/\/www.loszapateros.de\/wp-content\/uploads\/2019\/04\/image-283.jpeg\" alt=\"Image\" srcset=\"https:\/\/www.loszapateros.de\/wp-content\/uploads\/2019\/04\/image-283.jpeg 480w, https:\/\/www.loszapateros.de\/wp-content\/uploads\/2019\/04\/image-283-300x201.jpeg 300w\" sizes=\"auto, (max-width: 480px) 100vw, 480px\" \/> DSC_1774<\/p>\n<p>Die erste &#8222;Stadt&#8220; in Alaska ist Chicken. Hier ist der Diesel wieder erschwinglicher. Ausserdem gibt es ja das sehenswerte Chicken &#8222;Downtown&#8220;:<br \/>\n<img loading=\"lazy\" decoding=\"async\" width=\"480\" height=\"321\" class=\"wp-image-617\" src=\"http:\/\/www.loszapateros.de\/wp-content\/uploads\/2019\/04\/image-284.jpeg\" alt=\"Image\" srcset=\"https:\/\/www.loszapateros.de\/wp-content\/uploads\/2019\/04\/image-284.jpeg 480w, https:\/\/www.loszapateros.de\/wp-content\/uploads\/2019\/04\/image-284-300x201.jpeg 300w\" sizes=\"auto, (max-width: 480px) 100vw, 480px\" \/> DSC_1481<br \/>\n<img loading=\"lazy\" decoding=\"async\" width=\"480\" height=\"321\" class=\"wp-image-618\" src=\"http:\/\/www.loszapateros.de\/wp-content\/uploads\/2019\/04\/image-285.jpeg\" alt=\"Image\" srcset=\"https:\/\/www.loszapateros.de\/wp-content\/uploads\/2019\/04\/image-285.jpeg 480w, https:\/\/www.loszapateros.de\/wp-content\/uploads\/2019\/04\/image-285-300x201.jpeg 300w\" sizes=\"auto, (max-width: 480px) 100vw, 480px\" \/> DSC_1484<\/p>\n<p>Die Wirtin backt f\u00fcr ihr Leben gerne und wir g\u00f6nnen uns etwas leckeres:<br \/>\n<img loading=\"lazy\" decoding=\"async\" width=\"480\" height=\"321\" class=\"wp-image-619\" src=\"http:\/\/www.loszapateros.de\/wp-content\/uploads\/2019\/04\/image-286.jpeg\" alt=\"Image\" srcset=\"https:\/\/www.loszapateros.de\/wp-content\/uploads\/2019\/04\/image-286.jpeg 480w, https:\/\/www.loszapateros.de\/wp-content\/uploads\/2019\/04\/image-286-300x201.jpeg 300w\" sizes=\"auto, (max-width: 480px) 100vw, 480px\" \/> DSC_1488<\/p>\n<p>Es geht weiter nach Tok, wo wir uns von Julia und Rudi trennen. Auf dem weiteren Weg nach Fairbanks genie\u00dfen wir die tolle Landschaft:<br \/>\n<img loading=\"lazy\" decoding=\"async\" width=\"480\" height=\"321\" class=\"wp-image-620\" src=\"http:\/\/www.loszapateros.de\/wp-content\/uploads\/2019\/04\/image-287.jpeg\" alt=\"Image\" srcset=\"https:\/\/www.loszapateros.de\/wp-content\/uploads\/2019\/04\/image-287.jpeg 480w, https:\/\/www.loszapateros.de\/wp-content\/uploads\/2019\/04\/image-287-300x201.jpeg 300w\" sizes=\"auto, (max-width: 480px) 100vw, 480px\" \/> DSC_1495<br \/>\n<img loading=\"lazy\" decoding=\"async\" width=\"480\" height=\"321\" class=\"wp-image-621\" src=\"http:\/\/www.loszapateros.de\/wp-content\/uploads\/2019\/04\/image-288.jpeg\" alt=\"Image\" srcset=\"https:\/\/www.loszapateros.de\/wp-content\/uploads\/2019\/04\/image-288.jpeg 480w, https:\/\/www.loszapateros.de\/wp-content\/uploads\/2019\/04\/image-288-300x201.jpeg 300w\" sizes=\"auto, (max-width: 480px) 100vw, 480px\" \/> DSC_1504<\/p>\n<p><strong>Dienstag 30.08.2011<\/strong><\/p>\n<p>Wir verbringen beinahe den ganzen Tag bei McDonalds, wo wir im Internet surfen und den letzten Reisebericht verfassen. Am Abend setzen wir dann unsere Hotsprings-Tour 2011 fort und fahren zu den ca. 50 km entfernten Chena Quellen. Man kann dort (mit dem n\u00f6tigen Kleingeld) auch hinfliegen \ud83d\ude42<br \/>\n<img loading=\"lazy\" decoding=\"async\" width=\"480\" height=\"321\" class=\"wp-image-622\" src=\"http:\/\/www.loszapateros.de\/wp-content\/uploads\/2019\/04\/image-289.jpeg\" alt=\"Image\" srcset=\"https:\/\/www.loszapateros.de\/wp-content\/uploads\/2019\/04\/image-289.jpeg 480w, https:\/\/www.loszapateros.de\/wp-content\/uploads\/2019\/04\/image-289-300x201.jpeg 300w\" sizes=\"auto, (max-width: 480px) 100vw, 480px\" \/> DSC_1509<\/p>\n<p>Im Anschluss geht&#8217;s wieder zur\u00fcck nach Fairbanks.<\/p>\n<p><strong>Mittwoch 31.08.2011<\/strong><\/p>\n<p>Wir machen uns auf den Weg zum n\u00f6rdlichen Polarkreis \u00fcber den Dalton Highway. St\u00e4ndiger Begleiter ist die Pipeline, die von Norden nach S\u00fcden einmal quer durch Alaska verl\u00e4uft.<br \/>\n<img loading=\"lazy\" decoding=\"async\" width=\"480\" height=\"321\" class=\"wp-image-623\" src=\"http:\/\/www.loszapateros.de\/wp-content\/uploads\/2019\/04\/image-290.jpeg\" alt=\"Image\" srcset=\"https:\/\/www.loszapateros.de\/wp-content\/uploads\/2019\/04\/image-290.jpeg 480w, https:\/\/www.loszapateros.de\/wp-content\/uploads\/2019\/04\/image-290-300x201.jpeg 300w\" sizes=\"auto, (max-width: 480px) 100vw, 480px\" \/> DSC_1526<br \/>\n<img loading=\"lazy\" decoding=\"async\" width=\"480\" height=\"718\" class=\"wp-image-624\" src=\"http:\/\/www.loszapateros.de\/wp-content\/uploads\/2019\/04\/image-291.jpeg\" alt=\"Image\" srcset=\"https:\/\/www.loszapateros.de\/wp-content\/uploads\/2019\/04\/image-291.jpeg 480w, https:\/\/www.loszapateros.de\/wp-content\/uploads\/2019\/04\/image-291-201x300.jpeg 201w\" sizes=\"auto, (max-width: 480px) 100vw, 480px\" \/> DSC_1529<\/p>\n<p>Die Tundra:<br \/>\n<img loading=\"lazy\" decoding=\"async\" width=\"480\" height=\"321\" class=\"wp-image-625\" src=\"http:\/\/www.loszapateros.de\/wp-content\/uploads\/2019\/04\/image-292.jpeg\" alt=\"Image\" srcset=\"https:\/\/www.loszapateros.de\/wp-content\/uploads\/2019\/04\/image-292.jpeg 480w, https:\/\/www.loszapateros.de\/wp-content\/uploads\/2019\/04\/image-292-300x201.jpeg 300w\" sizes=\"auto, (max-width: 480px) 100vw, 480px\" \/> DSC_1533<\/p>\n<p>Der Arctic Circle (Polarkreis) wird lediglich durch ein Schild markiert und ist wie erwartet recht unspektakul\u00e4r:<br \/>\n<img loading=\"lazy\" decoding=\"async\" width=\"480\" height=\"321\" class=\"wp-image-626\" src=\"http:\/\/www.loszapateros.de\/wp-content\/uploads\/2019\/04\/image-293.jpeg\" alt=\"Image\" srcset=\"https:\/\/www.loszapateros.de\/wp-content\/uploads\/2019\/04\/image-293.jpeg 480w, https:\/\/www.loszapateros.de\/wp-content\/uploads\/2019\/04\/image-293-300x201.jpeg 300w\" sizes=\"auto, (max-width: 480px) 100vw, 480px\" \/> DSC_1540<\/p>\n<p>Nach weiteren 100km Fahrt schlagen wir unser Nachtlager an einem Aussichtsplatz auf und bereiten unser Abendessen zu<br \/>\n<img loading=\"lazy\" decoding=\"async\" width=\"480\" height=\"718\" class=\"wp-image-627\" src=\"http:\/\/www.loszapateros.de\/wp-content\/uploads\/2019\/04\/image-294.jpeg\" alt=\"Image\" srcset=\"https:\/\/www.loszapateros.de\/wp-content\/uploads\/2019\/04\/image-294.jpeg 480w, https:\/\/www.loszapateros.de\/wp-content\/uploads\/2019\/04\/image-294-201x300.jpeg 201w\" sizes=\"auto, (max-width: 480px) 100vw, 480px\" \/> DSC_1549<br \/>\n<img loading=\"lazy\" decoding=\"async\" width=\"480\" height=\"321\" class=\"wp-image-628\" src=\"http:\/\/www.loszapateros.de\/wp-content\/uploads\/2019\/04\/image-295.jpeg\" alt=\"Image\" srcset=\"https:\/\/www.loszapateros.de\/wp-content\/uploads\/2019\/04\/image-295.jpeg 480w, https:\/\/www.loszapateros.de\/wp-content\/uploads\/2019\/04\/image-295-300x201.jpeg 300w\" sizes=\"auto, (max-width: 480px) 100vw, 480px\" \/> DSC_1550<br \/>\n<img loading=\"lazy\" decoding=\"async\" width=\"480\" height=\"321\" class=\"wp-image-629\" src=\"http:\/\/www.loszapateros.de\/wp-content\/uploads\/2019\/04\/image-296.jpeg\" alt=\"Image\" srcset=\"https:\/\/www.loszapateros.de\/wp-content\/uploads\/2019\/04\/image-296.jpeg 480w, https:\/\/www.loszapateros.de\/wp-content\/uploads\/2019\/04\/image-296-300x201.jpeg 300w\" sizes=\"auto, (max-width: 480px) 100vw, 480px\" \/> DSC_1554<\/p>\n<p><strong>Donnerstag 01.09.2011<\/strong><\/p>\n<p>Hier beenden wir unsere Fahrt Richtung Norden und kehren um:<br \/>\n<img loading=\"lazy\" decoding=\"async\" width=\"480\" height=\"718\" class=\"wp-image-630\" src=\"http:\/\/www.loszapateros.de\/wp-content\/uploads\/2019\/04\/image-297.jpeg\" alt=\"Image\" srcset=\"https:\/\/www.loszapateros.de\/wp-content\/uploads\/2019\/04\/image-297.jpeg 480w, https:\/\/www.loszapateros.de\/wp-content\/uploads\/2019\/04\/image-297-201x300.jpeg 201w\" sizes=\"auto, (max-width: 480px) 100vw, 480px\" \/> DSC_1561<\/p>\n<p>Von Fairbanks aus steuern wir den Denali (oder auch Mt. McKinley) an, den h\u00f6chsten Berg Nordamerikas. Leider versteckt er sich hinter einer dicken Wolkendecke:<br \/>\n<img loading=\"lazy\" decoding=\"async\" width=\"480\" height=\"321\" class=\"wp-image-631\" src=\"http:\/\/www.loszapateros.de\/wp-content\/uploads\/2019\/04\/image-298.jpeg\" alt=\"Image\" srcset=\"https:\/\/www.loszapateros.de\/wp-content\/uploads\/2019\/04\/image-298.jpeg 480w, https:\/\/www.loszapateros.de\/wp-content\/uploads\/2019\/04\/image-298-300x201.jpeg 300w\" sizes=\"auto, (max-width: 480px) 100vw, 480px\" \/> DSC_1571<br \/>\n<img loading=\"lazy\" decoding=\"async\" width=\"480\" height=\"718\" class=\"wp-image-632\" src=\"http:\/\/www.loszapateros.de\/wp-content\/uploads\/2019\/04\/image-299.jpeg\" alt=\"Image\" srcset=\"https:\/\/www.loszapateros.de\/wp-content\/uploads\/2019\/04\/image-299.jpeg 480w, https:\/\/www.loszapateros.de\/wp-content\/uploads\/2019\/04\/image-299-201x300.jpeg 201w\" sizes=\"auto, (max-width: 480px) 100vw, 480px\" \/> DSC_1583<br \/>\n<img loading=\"lazy\" decoding=\"async\" width=\"480\" height=\"321\" class=\"wp-image-633\" src=\"http:\/\/www.loszapateros.de\/wp-content\/uploads\/2019\/04\/image-300.jpeg\" alt=\"Image\" srcset=\"https:\/\/www.loszapateros.de\/wp-content\/uploads\/2019\/04\/image-300.jpeg 480w, https:\/\/www.loszapateros.de\/wp-content\/uploads\/2019\/04\/image-300-300x201.jpeg 300w\" sizes=\"auto, (max-width: 480px) 100vw, 480px\" \/> DSC_1591<\/p>\n<p>In der selben Nacht fahren wir noch weiter bis nach Wasilla und \u00fcbernachten dort &#8211; wie soll es anders sein &#8211; auf dem WalMart Parkplatz.<\/p>\n<p><strong>Freitag 02.09.2011<\/strong><\/p>\n<p>Aufgrund eines Tipps will Philip bei &#8222;Cruisers Only&#8220; den Toyota abschmieren lassen und einen \u00d6lwechsel machen. Leider ist niemand vor Ort:<br \/>\n<img loading=\"lazy\" decoding=\"async\" width=\"480\" height=\"321\" class=\"wp-image-634\" src=\"http:\/\/www.loszapateros.de\/wp-content\/uploads\/2019\/04\/image-301.jpeg\" alt=\"Image\" srcset=\"https:\/\/www.loszapateros.de\/wp-content\/uploads\/2019\/04\/image-301.jpeg 480w, https:\/\/www.loszapateros.de\/wp-content\/uploads\/2019\/04\/image-301-300x201.jpeg 300w\" sizes=\"auto, (max-width: 480px) 100vw, 480px\" \/> DSC_1598<\/p>\n<p>Wir fahren weiter Richtung S\u00fcden nach Anchorage und von dort aus auf dem Seward Highway nach Seward. Die Strecke ist atemberaubend sch\u00f6n:<br \/>\n<img loading=\"lazy\" decoding=\"async\" width=\"480\" height=\"321\" class=\"wp-image-635\" src=\"http:\/\/www.loszapateros.de\/wp-content\/uploads\/2019\/04\/image-302.jpeg\" alt=\"Image\" srcset=\"https:\/\/www.loszapateros.de\/wp-content\/uploads\/2019\/04\/image-302.jpeg 480w, https:\/\/www.loszapateros.de\/wp-content\/uploads\/2019\/04\/image-302-300x201.jpeg 300w\" sizes=\"auto, (max-width: 480px) 100vw, 480px\" \/> DSC_1607<\/p>\n<p>Aufgrund der miesen Wettervorhersage (0-1 Grad und Schnee) und einer lang ausstehenden Dusche g\u00f6nnen wir uns dort ein Motel:<br \/>\n<img loading=\"lazy\" decoding=\"async\" width=\"480\" height=\"321\" class=\"wp-image-636\" src=\"http:\/\/www.loszapateros.de\/wp-content\/uploads\/2019\/04\/image-303.jpeg\" alt=\"Image\" srcset=\"https:\/\/www.loszapateros.de\/wp-content\/uploads\/2019\/04\/image-303.jpeg 480w, https:\/\/www.loszapateros.de\/wp-content\/uploads\/2019\/04\/image-303-300x201.jpeg 300w\" sizes=\"auto, (max-width: 480px) 100vw, 480px\" \/> DSC_1614<\/p>\n<p><strong>Samstag 03.09.2011<\/strong><\/p>\n<p>Da es furchtbar kalt und neblig ist gehen wir ins Sea-Life Center (oh schande!!!) Um Sea-Life zu sehen. Bei all den h\u00e4sslichen Gestalten am\u00fcsieren wir uns pr\u00e4chtig \ud83d\ude42<br \/>\n<img loading=\"lazy\" decoding=\"async\" width=\"480\" height=\"321\" class=\"wp-image-637\" src=\"http:\/\/www.loszapateros.de\/wp-content\/uploads\/2019\/04\/image-304.jpeg\" alt=\"Image\" srcset=\"https:\/\/www.loszapateros.de\/wp-content\/uploads\/2019\/04\/image-304.jpeg 480w, https:\/\/www.loszapateros.de\/wp-content\/uploads\/2019\/04\/image-304-300x201.jpeg 300w\" sizes=\"auto, (max-width: 480px) 100vw, 480px\" \/> DSC_1625<br \/>\n<img loading=\"lazy\" decoding=\"async\" width=\"480\" height=\"321\" class=\"wp-image-638\" src=\"http:\/\/www.loszapateros.de\/wp-content\/uploads\/2019\/04\/image-305.jpeg\" alt=\"Image\" srcset=\"https:\/\/www.loszapateros.de\/wp-content\/uploads\/2019\/04\/image-305.jpeg 480w, https:\/\/www.loszapateros.de\/wp-content\/uploads\/2019\/04\/image-305-300x201.jpeg 300w\" sizes=\"auto, (max-width: 480px) 100vw, 480px\" \/> DSC_1630<\/p>\n<p>Der Kr\u00fcmelmoster-Fellfisch \ud83d\ude42<br \/>\n<img loading=\"lazy\" decoding=\"async\" width=\"480\" height=\"321\" class=\"wp-image-639\" src=\"http:\/\/www.loszapateros.de\/wp-content\/uploads\/2019\/04\/image-306.jpeg\" alt=\"Image\" srcset=\"https:\/\/www.loszapateros.de\/wp-content\/uploads\/2019\/04\/image-306.jpeg 480w, https:\/\/www.loszapateros.de\/wp-content\/uploads\/2019\/04\/image-306-300x201.jpeg 300w\" sizes=\"auto, (max-width: 480px) 100vw, 480px\" \/> DSC_1631<\/p>\n<p>Puffins:<br \/>\n<img loading=\"lazy\" decoding=\"async\" width=\"480\" height=\"321\" class=\"wp-image-640\" src=\"http:\/\/www.loszapateros.de\/wp-content\/uploads\/2019\/04\/image-307.jpeg\" alt=\"Image\" srcset=\"https:\/\/www.loszapateros.de\/wp-content\/uploads\/2019\/04\/image-307.jpeg 480w, https:\/\/www.loszapateros.de\/wp-content\/uploads\/2019\/04\/image-307-300x201.jpeg 300w\" sizes=\"auto, (max-width: 480px) 100vw, 480px\" \/> DSC_1644<br \/>\n<img loading=\"lazy\" decoding=\"async\" width=\"480\" height=\"321\" class=\"wp-image-641\" src=\"http:\/\/www.loszapateros.de\/wp-content\/uploads\/2019\/04\/image-308.jpeg\" alt=\"Image\" srcset=\"https:\/\/www.loszapateros.de\/wp-content\/uploads\/2019\/04\/image-308.jpeg 480w, https:\/\/www.loszapateros.de\/wp-content\/uploads\/2019\/04\/image-308-300x201.jpeg 300w\" sizes=\"auto, (max-width: 480px) 100vw, 480px\" \/> DSC_1664<\/p>\n<p>Robben &amp; Seel\u00f6wen auf viel zu engem Raum wie wir finden:<br \/>\n<img loading=\"lazy\" decoding=\"async\" width=\"480\" height=\"321\" class=\"wp-image-642\" src=\"http:\/\/www.loszapateros.de\/wp-content\/uploads\/2019\/04\/image-309.jpeg\" alt=\"Image\" srcset=\"https:\/\/www.loszapateros.de\/wp-content\/uploads\/2019\/04\/image-309.jpeg 480w, https:\/\/www.loszapateros.de\/wp-content\/uploads\/2019\/04\/image-309-300x201.jpeg 300w\" sizes=\"auto, (max-width: 480px) 100vw, 480px\" \/> DSC_1672<br \/>\n<img loading=\"lazy\" decoding=\"async\" width=\"480\" height=\"321\" class=\"wp-image-643\" src=\"http:\/\/www.loszapateros.de\/wp-content\/uploads\/2019\/04\/image-310.jpeg\" alt=\"Image\" srcset=\"https:\/\/www.loszapateros.de\/wp-content\/uploads\/2019\/04\/image-310.jpeg 480w, https:\/\/www.loszapateros.de\/wp-content\/uploads\/2019\/04\/image-310-300x201.jpeg 300w\" sizes=\"auto, (max-width: 480px) 100vw, 480px\" \/> DSC_1684<\/p>\n<p>Im Anschluss haben wir das Gl\u00fcck in freier Natur einen Weisskopfseeadler zu sehen:<br \/>\n<img loading=\"lazy\" decoding=\"async\" width=\"480\" height=\"321\" class=\"wp-image-644\" src=\"http:\/\/www.loszapateros.de\/wp-content\/uploads\/2019\/04\/image-311.jpeg\" alt=\"Image\" srcset=\"https:\/\/www.loszapateros.de\/wp-content\/uploads\/2019\/04\/image-311.jpeg 480w, https:\/\/www.loszapateros.de\/wp-content\/uploads\/2019\/04\/image-311-300x201.jpeg 300w\" sizes=\"auto, (max-width: 480px) 100vw, 480px\" \/> DSC_1706<\/p>\n<p>&#8230;und einen Seeotter:<br \/>\n<img loading=\"lazy\" decoding=\"async\" width=\"480\" height=\"321\" class=\"wp-image-645\" src=\"http:\/\/www.loszapateros.de\/wp-content\/uploads\/2019\/04\/image-312.jpeg\" alt=\"Image\" srcset=\"https:\/\/www.loszapateros.de\/wp-content\/uploads\/2019\/04\/image-312.jpeg 480w, https:\/\/www.loszapateros.de\/wp-content\/uploads\/2019\/04\/image-312-300x201.jpeg 300w\" sizes=\"auto, (max-width: 480px) 100vw, 480px\" \/> DSC_1728<\/p>\n<p>Wir fahren noch ein St\u00fcck s\u00fcdlicher, aber sehr viel weiter geht&#8217;s nicht mehr:<br \/>\n<img loading=\"lazy\" decoding=\"async\" width=\"480\" height=\"321\" class=\"wp-image-646\" src=\"http:\/\/www.loszapateros.de\/wp-content\/uploads\/2019\/04\/image-313.jpeg\" alt=\"Image\" srcset=\"https:\/\/www.loszapateros.de\/wp-content\/uploads\/2019\/04\/image-313.jpeg 480w, https:\/\/www.loszapateros.de\/wp-content\/uploads\/2019\/04\/image-313-300x201.jpeg 300w\" sizes=\"auto, (max-width: 480px) 100vw, 480px\" \/> DSC_1733<\/p>\n<p>Zur\u00fcck in Wasilla schlafen wir wieder einmal auf dem Walmart Parkplatz und essen Sauerkraut mit Wienerle<br \/>\n<img loading=\"lazy\" decoding=\"async\" width=\"480\" height=\"321\" class=\"wp-image-647\" src=\"http:\/\/www.loszapateros.de\/wp-content\/uploads\/2019\/04\/image-314.jpeg\" alt=\"Image\" srcset=\"https:\/\/www.loszapateros.de\/wp-content\/uploads\/2019\/04\/image-314.jpeg 480w, https:\/\/www.loszapateros.de\/wp-content\/uploads\/2019\/04\/image-314-300x201.jpeg 300w\" sizes=\"auto, (max-width: 480px) 100vw, 480px\" \/> DSC_1738<\/p>\n<p><strong>Sonntag 04.09.2011<\/strong><\/p>\n<p>Von Wasilla aus geht&#8217;s weiter nach Tok auf dem Glenn Highway, vorbei an einem Gletscher:<br \/>\n<img loading=\"lazy\" decoding=\"async\" width=\"480\" height=\"321\" class=\"wp-image-648\" src=\"http:\/\/www.loszapateros.de\/wp-content\/uploads\/2019\/04\/image-315.jpeg\" alt=\"Image\" srcset=\"https:\/\/www.loszapateros.de\/wp-content\/uploads\/2019\/04\/image-315.jpeg 480w, https:\/\/www.loszapateros.de\/wp-content\/uploads\/2019\/04\/image-315-300x201.jpeg 300w\" sizes=\"auto, (max-width: 480px) 100vw, 480px\" \/> DSC_1751<\/p>\n<p>Anschlie\u00dfend \u00fcbernachten wir in der N\u00e4he der kanadischen Grenze auf einer Rest Area mit toller Aussicht:<br \/>\n<img loading=\"lazy\" decoding=\"async\" width=\"480\" height=\"321\" class=\"wp-image-649\" src=\"http:\/\/www.loszapateros.de\/wp-content\/uploads\/2019\/04\/image-316.jpeg\" alt=\"Image\" srcset=\"https:\/\/www.loszapateros.de\/wp-content\/uploads\/2019\/04\/image-316.jpeg 480w, https:\/\/www.loszapateros.de\/wp-content\/uploads\/2019\/04\/image-316-300x201.jpeg 300w\" sizes=\"auto, (max-width: 480px) 100vw, 480px\" \/> DSC_1753<\/p>\n<p><strong>Montag 05.09.2011<\/strong><\/p>\n<p>Am Morgen verlassen wir Alaska wieder und befinden uns wieder auf kanadischem Boden<br \/>\n<img loading=\"lazy\" decoding=\"async\" width=\"480\" height=\"321\" class=\"wp-image-650\" src=\"http:\/\/www.loszapateros.de\/wp-content\/uploads\/2019\/04\/image-317.jpeg\" alt=\"Image\" srcset=\"https:\/\/www.loszapateros.de\/wp-content\/uploads\/2019\/04\/image-317.jpeg 480w, https:\/\/www.loszapateros.de\/wp-content\/uploads\/2019\/04\/image-317-300x201.jpeg 300w\" sizes=\"auto, (max-width: 480px) 100vw, 480px\" \/> DSC_1779<\/td>\n<\/tr>\n<tr>\n<td>Zuletzt \u00fcberarbeitet ( 21. J\u00e4nner 2012 um 22:23 )<\/td>\n<\/tr>\n<\/tbody>\n<\/table>\n<\/td>\n<\/tr>\n<\/tbody>\n<\/table>\n","protected":false},"excerpt":{"rendered":"<p>Transamerika-Reise\u00a0 \u00a0USA\u00a0 \u00a0USA &#8211; Alaska USA &#8211; Alaska Geschrieben von Administrator 12. September 2011 um 23:42 Reisebericht Alaska Montag, 29.08.2011 Alaska begr\u00fc\u00dft uns: DSC_1774 Die erste &#8222;Stadt&#8220; in Alaska ist Chicken. Hier ist der Diesel wieder erschwinglicher. Ausserdem gibt es ja das sehenswerte Chicken &#8222;Downtown&#8220;: DSC_1481 DSC_1484 Die Wirtin backt<a class=\"moretag\" href=\"https:\/\/www.loszapateros.de\/?page_id=613\"> Weiterlesen<\/a><\/p>\n","protected":false},"author":1,"featured_media":0,"parent":0,"menu_order":0,"comment_status":"closed","ping_status":"closed","template":"","meta":{"footnotes":""},"class_list":["post-613","page","type-page","status-publish","hentry"],"_links":{"self":[{"href":"https:\/\/www.loszapateros.de\/index.php?rest_route=\/wp\/v2\/pages\/613","targetHints":{"allow":["GET"]}}],"collection":[{"href":"https:\/\/www.loszapateros.de\/index.php?rest_route=\/wp\/v2\/pages"}],"about":[{"href":"https:\/\/www.loszapateros.de\/index.php?rest_route=\/wp\/v2\/types\/page"}],"author":[{"embeddable":true,"href":"https:\/\/www.loszapateros.de\/index.php?rest_route=\/wp\/v2\/users\/1"}],"replies":[{"embeddable":true,"href":"https:\/\/www.loszapateros.de\/index.php?rest_route=%2Fwp%2Fv2%2Fcomments&post=613"}],"version-history":[{"count":1,"href":"https:\/\/www.loszapateros.de\/index.php?rest_route=\/wp\/v2\/pages\/613\/revisions"}],"predecessor-version":[{"id":652,"href":"https:\/\/www.loszapateros.de\/index.php?rest_route=\/wp\/v2\/pages\/613\/revisions\/652"}],"wp:attachment":[{"href":"https:\/\/www.loszapateros.de\/index.php?rest_route=%2Fwp%2Fv2%2Fmedia&parent=613"}],"curies":[{"name":"wp","href":"https:\/\/api.w.org\/{rel}","templated":true}]}}